{"id":1347,"date":"2022-11-04T16:03:13","date_gmt":"2022-11-04T16:03:13","guid":{"rendered":"http:\/\/supy.org\/wordpress_9\/?page_id=1347"},"modified":"2026-04-15T09:44:13","modified_gmt":"2026-04-15T09:44:13","slug":"puhujat","status":"publish","type":"page","link":"https:\/\/supy.org\/wordpress_9\/fi\/puhujat\/","title":{"rendered":"Puhujat"},"content":{"rendered":"\t\t<div data-elementor-type=\"wp-page\" data-elementor-id=\"1347\" class=\"elementor elementor-1347\">\n\t\t\t\t\t\t<section class=\"elementor-section elementor-top-section elementor-element elementor-element-3cd53c1 elementor-section-boxed elementor-section-height-default elementor-section-height-default\" data-id=\"3cd53c1\" data-element_type=\"section\">\n\t\t\t\t\t\t<div class=\"elementor-container elementor-column-gap-default\">\n\t\t\t\t\t<div class=\"elementor-column elementor-col-100 elementor-top-column elementor-element elementor-element-e6881f1\" data-id=\"e6881f1\" data-element_type=\"column\">\n\t\t\t<div class=\"elementor-widget-wrap elementor-element-populated\">\n\t\t\t\t\t\t<div class=\"elementor-element elementor-element-b67ce4d elementor-widget elementor-widget-heading\" data-id=\"b67ce4d\" data-element_type=\"widget\" data-widget_type=\"heading.default\">\n\t\t\t\t<div class=\"elementor-widget-container\">\n\t\t\t\t\t<h2 class=\"elementor-heading-title elementor-size-default\">SUPY kev\u00e4tseminaarin puhujaesittelyt<\/h2>\t\t\t\t<\/div>\n\t\t\t\t<\/div>\n\t\t\t\t\t<\/div>\n\t\t<\/div>\n\t\t\t\t\t<\/div>\n\t\t<\/section>\n\t\t\t\t<section class=\"elementor-section elementor-top-section elementor-element elementor-element-8fd99d8 elementor-section-boxed elementor-section-height-default elementor-section-height-default\" data-id=\"8fd99d8\" data-element_type=\"section\">\n\t\t\t\t\t\t<div class=\"elementor-container elementor-column-gap-default\">\n\t\t\t\t\t<div class=\"elementor-column elementor-col-100 elementor-top-column elementor-element elementor-element-eb19eff\" data-id=\"eb19eff\" data-element_type=\"column\">\n\t\t\t<div class=\"elementor-widget-wrap elementor-element-populated\">\n\t\t\t\t\t\t<div class=\"elementor-element elementor-element-06f0dcc elementor-widget-divider--view-line elementor-widget elementor-widget-divider\" data-id=\"06f0dcc\" data-element_type=\"widget\" data-widget_type=\"divider.default\">\n\t\t\t\t<div class=\"elementor-widget-container\">\n\t\t\t\t\t\t\t<div class=\"elementor-divider\">\n\t\t\t<span class=\"elementor-divider-separator\">\n\t\t\t\t\t\t<\/span>\n\t\t<\/div>\n\t\t\t\t\t\t<\/div>\n\t\t\t\t<\/div>\n\t\t\t\t\t<\/div>\n\t\t<\/div>\n\t\t\t\t\t<\/div>\n\t\t<\/section>\n\t\t\t\t<section class=\"elementor-section elementor-top-section elementor-element elementor-element-a563c4f elementor-section-boxed elementor-section-height-default elementor-section-height-default\" data-id=\"a563c4f\" data-element_type=\"section\">\n\t\t\t\t\t\t<div class=\"elementor-container elementor-column-gap-default\">\n\t\t\t\t\t<div class=\"elementor-column elementor-col-100 elementor-top-column elementor-element elementor-element-353d067\" data-id=\"353d067\" data-element_type=\"column\">\n\t\t\t<div class=\"elementor-widget-wrap elementor-element-populated\">\n\t\t\t\t\t\t<div class=\"elementor-element elementor-element-fdcea24 elementor-widget elementor-widget-text-editor\" data-id=\"fdcea24\" data-element_type=\"widget\" data-widget_type=\"text-editor.default\">\n\t\t\t\t<div class=\"elementor-widget-container\">\n\t\t\t\t\t\t\t\t\t<p><strong>Hannaleena Ronkainen &#8211; Psykologinen joustavuus urheilussa ja urheilupsykologin ty\u00f6ss\u00e4<\/strong><\/p>\t\t\t\t\t\t\t\t<\/div>\n\t\t\t\t<\/div>\n\t\t\t\t\t<\/div>\n\t\t<\/div>\n\t\t\t\t\t<\/div>\n\t\t<\/section>\n\t\t\t\t<section class=\"elementor-section elementor-top-section elementor-element elementor-element-bef3839 elementor-section-boxed elementor-section-height-default elementor-section-height-default\" data-id=\"bef3839\" data-element_type=\"section\">\n\t\t\t\t\t\t<div class=\"elementor-container elementor-column-gap-default\">\n\t\t\t\t\t<div class=\"elementor-column elementor-col-50 elementor-top-column elementor-element elementor-element-5cd4f83\" data-id=\"5cd4f83\" data-element_type=\"column\">\n\t\t\t<div class=\"elementor-widget-wrap elementor-element-populated\">\n\t\t\t\t\t\t<div class=\"elementor-element elementor-element-a0c60ef elementor-widget elementor-widget-image\" data-id=\"a0c60ef\" data-element_type=\"widget\" data-widget_type=\"image.default\">\n\t\t\t\t<div class=\"elementor-widget-container\">\n\t\t\t\t\t\t\t\t\t\t\t\t\t\t\t<img fetchpriority=\"high\" decoding=\"async\" width=\"208\" height=\"300\" src=\"https:\/\/supy.org\/wordpress_9\/wp-content\/uploads\/2026\/04\/original-2A965D8C-D478-4F93-BEE7-11EC087FFB44-208x300.jpeg\" class=\"attachment-medium size-medium wp-image-2487\" alt=\"\" srcset=\"https:\/\/supy.org\/wordpress_9\/wp-content\/uploads\/2026\/04\/original-2A965D8C-D478-4F93-BEE7-11EC087FFB44-208x300.jpeg 208w, https:\/\/supy.org\/wordpress_9\/wp-content\/uploads\/2026\/04\/original-2A965D8C-D478-4F93-BEE7-11EC087FFB44-709x1024.jpeg 709w, https:\/\/supy.org\/wordpress_9\/wp-content\/uploads\/2026\/04\/original-2A965D8C-D478-4F93-BEE7-11EC087FFB44-768x1108.jpeg 768w, https:\/\/supy.org\/wordpress_9\/wp-content\/uploads\/2026\/04\/original-2A965D8C-D478-4F93-BEE7-11EC087FFB44.jpeg 900w\" sizes=\"(max-width: 208px) 100vw, 208px\" \/>\t\t\t\t\t\t\t\t\t\t\t\t\t\t\t<\/div>\n\t\t\t\t<\/div>\n\t\t\t\t\t<\/div>\n\t\t<\/div>\n\t\t\t\t<div class=\"elementor-column elementor-col-50 elementor-top-column elementor-element elementor-element-a1ead98\" data-id=\"a1ead98\" data-element_type=\"column\">\n\t\t\t<div class=\"elementor-widget-wrap elementor-element-populated\">\n\t\t\t\t\t\t\t<\/div>\n\t\t<\/div>\n\t\t\t\t\t<\/div>\n\t\t<\/section>\n\t\t\t\t<section class=\"elementor-section elementor-top-section elementor-element elementor-element-1424162 elementor-section-boxed elementor-section-height-default elementor-section-height-default\" data-id=\"1424162\" data-element_type=\"section\">\n\t\t\t\t\t\t<div class=\"elementor-container elementor-column-gap-default\">\n\t\t\t\t\t<div class=\"elementor-column elementor-col-100 elementor-top-column elementor-element elementor-element-c473051\" data-id=\"c473051\" data-element_type=\"column\">\n\t\t\t<div class=\"elementor-widget-wrap elementor-element-populated\">\n\t\t\t\t\t\t<div class=\"elementor-element elementor-element-851bf5e elementor-widget-divider--view-line elementor-widget elementor-widget-divider\" data-id=\"851bf5e\" data-element_type=\"widget\" data-widget_type=\"divider.default\">\n\t\t\t\t<div class=\"elementor-widget-container\">\n\t\t\t\t\t\t\t<div class=\"elementor-divider\">\n\t\t\t<span class=\"elementor-divider-separator\">\n\t\t\t\t\t\t<\/span>\n\t\t<\/div>\n\t\t\t\t\t\t<\/div>\n\t\t\t\t<\/div>\n\t\t\t\t\t<\/div>\n\t\t<\/div>\n\t\t\t\t\t<\/div>\n\t\t<\/section>\n\t\t\t\t<section class=\"elementor-section elementor-top-section elementor-element elementor-element-a17abd5 elementor-section-boxed elementor-section-height-default elementor-section-height-default\" data-id=\"a17abd5\" data-element_type=\"section\">\n\t\t\t\t\t\t<div class=\"elementor-container elementor-column-gap-default\">\n\t\t\t\t\t<div class=\"elementor-column elementor-col-100 elementor-top-column elementor-element elementor-element-7e511f6\" data-id=\"7e511f6\" data-element_type=\"column\">\n\t\t\t<div class=\"elementor-widget-wrap elementor-element-populated\">\n\t\t\t\t\t\t<div class=\"elementor-element elementor-element-ea21b6d elementor-widget elementor-widget-text-editor\" data-id=\"ea21b6d\" data-element_type=\"widget\" data-widget_type=\"text-editor.default\">\n\t\t\t\t<div class=\"elementor-widget-container\">\n\t\t\t\t\t\t\t\t\t<p><strong>Kristoffer Henriksen &#8211; Beyond the Athlete: How High-Performance Environments Shape Wellbeing<\/strong><\/p>\t\t\t\t\t\t\t\t<\/div>\n\t\t\t\t<\/div>\n\t\t\t\t\t<\/div>\n\t\t<\/div>\n\t\t\t\t\t<\/div>\n\t\t<\/section>\n\t\t\t\t<section class=\"elementor-section elementor-top-section elementor-element elementor-element-db25775 elementor-section-boxed elementor-section-height-default elementor-section-height-default\" data-id=\"db25775\" data-element_type=\"section\">\n\t\t\t\t\t\t<div class=\"elementor-container elementor-column-gap-default\">\n\t\t\t\t\t<div class=\"elementor-column elementor-col-50 elementor-top-column elementor-element elementor-element-fb383c2\" data-id=\"fb383c2\" data-element_type=\"column\">\n\t\t\t<div class=\"elementor-widget-wrap elementor-element-populated\">\n\t\t\t\t\t\t<div class=\"elementor-element elementor-element-e84de06 elementor-widget elementor-widget-image\" data-id=\"e84de06\" data-element_type=\"widget\" data-widget_type=\"image.default\">\n\t\t\t\t<div class=\"elementor-widget-container\">\n\t\t\t\t\t\t\t\t\t\t\t\t\t\t\t<img decoding=\"async\" width=\"225\" height=\"300\" src=\"https:\/\/supy.org\/wordpress_9\/wp-content\/uploads\/2026\/04\/KH-225x300.jpg\" class=\"attachment-medium size-medium wp-image-2483\" alt=\"\" srcset=\"https:\/\/supy.org\/wordpress_9\/wp-content\/uploads\/2026\/04\/KH-225x300.jpg 225w, https:\/\/supy.org\/wordpress_9\/wp-content\/uploads\/2026\/04\/KH-768x1024.jpg 768w, https:\/\/supy.org\/wordpress_9\/wp-content\/uploads\/2026\/04\/KH-1152x1536.jpg 1152w, https:\/\/supy.org\/wordpress_9\/wp-content\/uploads\/2026\/04\/KH-1536x2048.jpg 1536w, https:\/\/supy.org\/wordpress_9\/wp-content\/uploads\/2026\/04\/KH-scaled.jpg 1920w\" sizes=\"(max-width: 225px) 100vw, 225px\" \/>\t\t\t\t\t\t\t\t\t\t\t\t\t\t\t<\/div>\n\t\t\t\t<\/div>\n\t\t\t\t\t<\/div>\n\t\t<\/div>\n\t\t\t\t<div class=\"elementor-column elementor-col-50 elementor-top-column elementor-element elementor-element-9d5e4f7\" data-id=\"9d5e4f7\" data-element_type=\"column\">\n\t\t\t<div class=\"elementor-widget-wrap elementor-element-populated\">\n\t\t\t\t\t\t<div class=\"elementor-element elementor-element-db352a7 elementor-widget elementor-widget-text-editor\" data-id=\"db352a7\" data-element_type=\"widget\" data-widget_type=\"text-editor.default\">\n\t\t\t\t<div class=\"elementor-widget-container\">\n\t\t\t\t\t\t\t\t\t<p><span style=\"font-weight: 400;\">Elite sport is often portrayed as a test of individual toughness\u2014but the real story is far more complex. Mental health in high-performance sport doesn\u2019t arise in a vacuum; it grows or withers in response to the environments athletes, coaches, and staff inhabit every day. From team culture and leadership style to organisational policies and national sport systems, the environment can nourish wellbeing\u2014or quietly erode it. This talk invites you to rethink mental health by rethinking the places where it unfolds.<\/span><\/p>\t\t\t\t\t\t\t\t<\/div>\n\t\t\t\t<\/div>\n\t\t\t\t\t<\/div>\n\t\t<\/div>\n\t\t\t\t\t<\/div>\n\t\t<\/section>\n\t\t\t\t<section class=\"elementor-section elementor-top-section elementor-element elementor-element-5358705 elementor-section-boxed elementor-section-height-default elementor-section-height-default\" data-id=\"5358705\" data-element_type=\"section\">\n\t\t\t\t\t\t<div class=\"elementor-container elementor-column-gap-default\">\n\t\t\t\t\t<div class=\"elementor-column elementor-col-100 elementor-top-column elementor-element elementor-element-d60022e\" data-id=\"d60022e\" data-element_type=\"column\">\n\t\t\t<div class=\"elementor-widget-wrap elementor-element-populated\">\n\t\t\t\t\t\t<div class=\"elementor-element elementor-element-8b00900 elementor-widget-divider--view-line elementor-widget elementor-widget-divider\" data-id=\"8b00900\" data-element_type=\"widget\" data-widget_type=\"divider.default\">\n\t\t\t\t<div class=\"elementor-widget-container\">\n\t\t\t\t\t\t\t<div class=\"elementor-divider\">\n\t\t\t<span class=\"elementor-divider-separator\">\n\t\t\t\t\t\t<\/span>\n\t\t<\/div>\n\t\t\t\t\t\t<\/div>\n\t\t\t\t<\/div>\n\t\t\t\t\t<\/div>\n\t\t<\/div>\n\t\t\t\t\t<\/div>\n\t\t<\/section>\n\t\t\t\t<section class=\"elementor-section elementor-top-section elementor-element elementor-element-d3785e9 elementor-section-boxed elementor-section-height-default elementor-section-height-default\" data-id=\"d3785e9\" data-element_type=\"section\">\n\t\t\t\t\t\t<div class=\"elementor-container elementor-column-gap-default\">\n\t\t\t\t\t<div class=\"elementor-column elementor-col-100 elementor-top-column elementor-element elementor-element-8ba7908\" data-id=\"8ba7908\" data-element_type=\"column\">\n\t\t\t<div class=\"elementor-widget-wrap elementor-element-populated\">\n\t\t\t\t\t\t<div class=\"elementor-element elementor-element-f55abf3 elementor-widget elementor-widget-text-editor\" data-id=\"f55abf3\" data-element_type=\"widget\" data-widget_type=\"text-editor.default\">\n\t\t\t\t<div class=\"elementor-widget-container\">\n\t\t\t\t\t\t\t\t\t<p><strong>Nina Uusitalo &#8211; <b>Neuromoninaisuus lasten ja nuorten urheilussa &#8211; ymm\u00e4rrys, kohtaaminen ja tukeminen<\/b><\/strong><\/p>\t\t\t\t\t\t\t\t<\/div>\n\t\t\t\t<\/div>\n\t\t\t\t\t<\/div>\n\t\t<\/div>\n\t\t\t\t\t<\/div>\n\t\t<\/section>\n\t\t\t\t<section class=\"elementor-section elementor-top-section elementor-element elementor-element-bd6768a elementor-section-boxed elementor-section-height-default elementor-section-height-default\" data-id=\"bd6768a\" data-element_type=\"section\">\n\t\t\t\t\t\t<div class=\"elementor-container elementor-column-gap-default\">\n\t\t\t\t\t<div class=\"elementor-column elementor-col-50 elementor-top-column elementor-element elementor-element-8e665ca\" data-id=\"8e665ca\" data-element_type=\"column\">\n\t\t\t<div class=\"elementor-widget-wrap elementor-element-populated\">\n\t\t\t\t\t\t\t<\/div>\n\t\t<\/div>\n\t\t\t\t<div class=\"elementor-column elementor-col-50 elementor-top-column elementor-element elementor-element-c885276\" data-id=\"c885276\" data-element_type=\"column\">\n\t\t\t<div class=\"elementor-widget-wrap elementor-element-populated\">\n\t\t\t\t\t\t<div class=\"elementor-element elementor-element-37307f3 elementor-widget elementor-widget-image\" data-id=\"37307f3\" data-element_type=\"widget\" data-widget_type=\"image.default\">\n\t\t\t\t<div class=\"elementor-widget-container\">\n\t\t\t\t\t\t\t\t\t\t\t\t\t\t\t<img decoding=\"async\" width=\"300\" height=\"240\" src=\"https:\/\/supy.org\/wordpress_9\/wp-content\/uploads\/2026\/04\/Nina-hupparissa-300x240.jpg\" class=\"attachment-medium size-medium wp-image-2489\" alt=\"\" srcset=\"https:\/\/supy.org\/wordpress_9\/wp-content\/uploads\/2026\/04\/Nina-hupparissa-300x240.jpg 300w, https:\/\/supy.org\/wordpress_9\/wp-content\/uploads\/2026\/04\/Nina-hupparissa-1024x818.jpg 1024w, https:\/\/supy.org\/wordpress_9\/wp-content\/uploads\/2026\/04\/Nina-hupparissa-768x613.jpg 768w, https:\/\/supy.org\/wordpress_9\/wp-content\/uploads\/2026\/04\/Nina-hupparissa-1536x1227.jpg 1536w, https:\/\/supy.org\/wordpress_9\/wp-content\/uploads\/2026\/04\/Nina-hupparissa-2048x1636.jpg 2048w\" sizes=\"(max-width: 300px) 100vw, 300px\" \/>\t\t\t\t\t\t\t\t\t\t\t\t\t\t\t<\/div>\n\t\t\t\t<\/div>\n\t\t\t\t\t<\/div>\n\t\t<\/div>\n\t\t\t\t\t<\/div>\n\t\t<\/section>\n\t\t\t\t<section class=\"elementor-section elementor-top-section elementor-element elementor-element-2ec29d7 elementor-section-boxed elementor-section-height-default elementor-section-height-default\" data-id=\"2ec29d7\" data-element_type=\"section\">\n\t\t\t\t\t\t<div class=\"elementor-container elementor-column-gap-default\">\n\t\t\t\t\t<div class=\"elementor-column elementor-col-100 elementor-top-column elementor-element elementor-element-6236926\" data-id=\"6236926\" data-element_type=\"column\">\n\t\t\t<div class=\"elementor-widget-wrap elementor-element-populated\">\n\t\t\t\t\t\t<div class=\"elementor-element elementor-element-ee9ce02 elementor-widget-divider--view-line elementor-widget elementor-widget-divider\" data-id=\"ee9ce02\" data-element_type=\"widget\" data-widget_type=\"divider.default\">\n\t\t\t\t<div class=\"elementor-widget-container\">\n\t\t\t\t\t\t\t<div class=\"elementor-divider\">\n\t\t\t<span class=\"elementor-divider-separator\">\n\t\t\t\t\t\t<\/span>\n\t\t<\/div>\n\t\t\t\t\t\t<\/div>\n\t\t\t\t<\/div>\n\t\t\t\t\t<\/div>\n\t\t<\/div>\n\t\t\t\t\t<\/div>\n\t\t<\/section>\n\t\t\t\t<section class=\"elementor-section elementor-top-section elementor-element elementor-element-57d8a51 elementor-section-boxed elementor-section-height-default elementor-section-height-default\" data-id=\"57d8a51\" data-element_type=\"section\">\n\t\t\t\t\t\t<div class=\"elementor-container elementor-column-gap-default\">\n\t\t\t\t\t<div class=\"elementor-column elementor-col-100 elementor-top-column elementor-element elementor-element-98766d4\" data-id=\"98766d4\" data-element_type=\"column\">\n\t\t\t<div class=\"elementor-widget-wrap elementor-element-populated\">\n\t\t\t\t\t\t<div class=\"elementor-element elementor-element-0419fff elementor-widget elementor-widget-text-editor\" data-id=\"0419fff\" data-element_type=\"widget\" data-widget_type=\"text-editor.default\">\n\t\t\t\t<div class=\"elementor-widget-container\">\n\t\t\t\t\t\t\t\t\t<p><strong>Marja Olli &#8211; Aikuisten nykyisyys on lasten tulevaisuus<\/strong><\/p>\t\t\t\t\t\t\t\t<\/div>\n\t\t\t\t<\/div>\n\t\t\t\t\t<\/div>\n\t\t<\/div>\n\t\t\t\t\t<\/div>\n\t\t<\/section>\n\t\t\t\t<section class=\"elementor-section elementor-top-section elementor-element elementor-element-e393cbc elementor-section-boxed elementor-section-height-default elementor-section-height-default\" data-id=\"e393cbc\" data-element_type=\"section\">\n\t\t\t\t\t\t<div class=\"elementor-container elementor-column-gap-default\">\n\t\t\t\t\t<div class=\"elementor-column elementor-col-50 elementor-top-column elementor-element elementor-element-a7f1f2a\" data-id=\"a7f1f2a\" data-element_type=\"column\">\n\t\t\t<div class=\"elementor-widget-wrap elementor-element-populated\">\n\t\t\t\t\t\t<div class=\"elementor-element elementor-element-cf1f71b elementor-widget elementor-widget-image\" data-id=\"cf1f71b\" data-element_type=\"widget\" data-widget_type=\"image.default\">\n\t\t\t\t<div class=\"elementor-widget-container\">\n\t\t\t\t\t\t\t\t\t\t\t\t\t\t\t<img loading=\"lazy\" decoding=\"async\" width=\"99\" height=\"300\" src=\"https:\/\/supy.org\/wordpress_9\/wp-content\/uploads\/2026\/04\/cf93df85-8f48-4d08-af72-f79b09d954ef-99x300.jpeg\" class=\"attachment-medium size-medium wp-image-2490\" alt=\"\" srcset=\"https:\/\/supy.org\/wordpress_9\/wp-content\/uploads\/2026\/04\/cf93df85-8f48-4d08-af72-f79b09d954ef-99x300.jpeg 99w, https:\/\/supy.org\/wordpress_9\/wp-content\/uploads\/2026\/04\/cf93df85-8f48-4d08-af72-f79b09d954ef-337x1024.jpeg 337w, https:\/\/supy.org\/wordpress_9\/wp-content\/uploads\/2026\/04\/cf93df85-8f48-4d08-af72-f79b09d954ef-768x2330.jpeg 768w, https:\/\/supy.org\/wordpress_9\/wp-content\/uploads\/2026\/04\/cf93df85-8f48-4d08-af72-f79b09d954ef-506x1536.jpeg 506w, https:\/\/supy.org\/wordpress_9\/wp-content\/uploads\/2026\/04\/cf93df85-8f48-4d08-af72-f79b09d954ef-675x2048.jpeg 675w, https:\/\/supy.org\/wordpress_9\/wp-content\/uploads\/2026\/04\/cf93df85-8f48-4d08-af72-f79b09d954ef-scaled.jpeg 844w\" sizes=\"(max-width: 99px) 100vw, 99px\" \/>\t\t\t\t\t\t\t\t\t\t\t\t\t\t\t<\/div>\n\t\t\t\t<\/div>\n\t\t\t\t\t<\/div>\n\t\t<\/div>\n\t\t\t\t<div class=\"elementor-column elementor-col-50 elementor-top-column elementor-element elementor-element-7bc76dd\" data-id=\"7bc76dd\" data-element_type=\"column\">\n\t\t\t<div class=\"elementor-widget-wrap elementor-element-populated\">\n\t\t\t\t\t\t\t<\/div>\n\t\t<\/div>\n\t\t\t\t\t<\/div>\n\t\t<\/section>\n\t\t\t\t<\/div>\n\t\t","protected":false},"excerpt":{"rendered":"<p>SUPY kev\u00e4tseminaarin puhujaesittelyt Hannaleena Ronkainen &#8211; Psykologinen joustavuus urheilussa ja urheilupsykologin ty\u00f6ss\u00e4 Kristoffer Henriksen &#8211; Beyond the Athlete: How High-Performance Environments Shape Wellbeing Elite sport is often portrayed as a test of individual toughness\u2014but the real story is far more complex. Mental health in high-performance sport doesn\u2019t arise in a vacuum; it grows or withers [&hellip;]<\/p>\n","protected":false},"author":2,"featured_media":0,"parent":0,"menu_order":0,"comment_status":"closed","ping_status":"closed","template":"","meta":{"ocean_post_layout":"","ocean_both_sidebars_style":"","ocean_both_sidebars_content_width":0,"ocean_both_sidebars_sidebars_width":0,"ocean_sidebar":"0","ocean_second_sidebar":"0","ocean_disable_margins":"enable","ocean_add_body_class":"","ocean_shortcode_before_top_bar":"","ocean_shortcode_after_top_bar":"","ocean_shortcode_before_header":"","ocean_shortcode_after_header":"","ocean_has_shortcode":"","ocean_shortcode_after_title":"","ocean_shortcode_before_footer_widgets":"","ocean_shortcode_after_footer_widgets":"","ocean_shortcode_before_footer_bottom":"","ocean_shortcode_after_footer_bottom":"","ocean_display_top_bar":"default","ocean_display_header":"default","ocean_header_style":"","ocean_center_header_left_menu":"0","ocean_custom_header_template":"0","ocean_custom_logo":0,"ocean_custom_retina_logo":0,"ocean_custom_logo_max_width":0,"ocean_custom_logo_tablet_max_width":0,"ocean_custom_logo_mobile_max_width":0,"ocean_custom_logo_max_height":0,"ocean_custom_logo_tablet_max_height":0,"ocean_custom_logo_mobile_max_height":0,"ocean_header_custom_menu":"0","ocean_menu_typo_font_family":"0","ocean_menu_typo_font_subset":"","ocean_menu_typo_font_size":0,"ocean_menu_typo_font_size_tablet":0,"ocean_menu_typo_font_size_mobile":0,"ocean_menu_typo_font_size_unit":"px","ocean_menu_typo_font_weight":"","ocean_menu_typo_font_weight_tablet":"","ocean_menu_typo_font_weight_mobile":"","ocean_menu_typo_transform":"","ocean_menu_typo_transform_tablet":"","ocean_menu_typo_transform_mobile":"","ocean_menu_typo_line_height":0,"ocean_menu_typo_line_height_tablet":0,"ocean_menu_typo_line_height_mobile":0,"ocean_menu_typo_line_height_unit":"","ocean_menu_typo_spacing":0,"ocean_menu_typo_spacing_tablet":0,"ocean_menu_typo_spacing_mobile":0,"ocean_menu_typo_spacing_unit":"","ocean_menu_link_color":"","ocean_menu_link_color_hover":"","ocean_menu_link_color_active":"","ocean_menu_link_background":"","ocean_menu_link_hover_background":"","ocean_menu_link_active_background":"","ocean_menu_social_links_bg":"","ocean_menu_social_hover_links_bg":"","ocean_menu_social_links_color":"","ocean_menu_social_hover_links_color":"","ocean_disable_title":"default","ocean_disable_heading":"default","ocean_post_title":"","ocean_post_subheading":"","ocean_post_title_style":"","ocean_post_title_background_color":"","ocean_post_title_background":0,"ocean_post_title_bg_image_position":"","ocean_post_title_bg_image_attachment":"","ocean_post_title_bg_image_repeat":"","ocean_post_title_bg_image_size":"","ocean_post_title_height":0,"ocean_post_title_bg_overlay":0.5,"ocean_post_title_bg_overlay_color":"","ocean_disable_breadcrumbs":"default","ocean_breadcrumbs_color":"","ocean_breadcrumbs_separator_color":"","ocean_breadcrumbs_links_color":"","ocean_breadcrumbs_links_hover_color":"","ocean_display_footer_widgets":"default","ocean_display_footer_bottom":"default","ocean_custom_footer_template":"0","footnotes":""},"class_list":["post-1347","page","type-page","status-publish","hentry","entry"],"_links":{"self":[{"href":"https:\/\/supy.org\/wordpress_9\/wp-json\/wp\/v2\/pages\/1347","targetHints":{"allow":["GET"]}}],"collection":[{"href":"https:\/\/supy.org\/wordpress_9\/wp-json\/wp\/v2\/pages"}],"about":[{"href":"https:\/\/supy.org\/wordpress_9\/wp-json\/wp\/v2\/types\/page"}],"author":[{"embeddable":true,"href":"https:\/\/supy.org\/wordpress_9\/wp-json\/wp\/v2\/users\/2"}],"replies":[{"embeddable":true,"href":"https:\/\/supy.org\/wordpress_9\/wp-json\/wp\/v2\/comments?post=1347"}],"version-history":[{"count":249,"href":"https:\/\/supy.org\/wordpress_9\/wp-json\/wp\/v2\/pages\/1347\/revisions"}],"predecessor-version":[{"id":2509,"href":"https:\/\/supy.org\/wordpress_9\/wp-json\/wp\/v2\/pages\/1347\/revisions\/2509"}],"wp:attachment":[{"href":"https:\/\/supy.org\/wordpress_9\/wp-json\/wp\/v2\/media?parent=1347"}],"curies":[{"name":"wp","href":"https:\/\/api.w.org\/{rel}","templated":true}]}}