{"id":1340,"date":"2022-11-04T15:59:10","date_gmt":"2022-11-04T15:59:10","guid":{"rendered":"http:\/\/supy.org\/wordpress_9\/?page_id=1340"},"modified":"2026-04-08T14:52:50","modified_gmt":"2026-04-08T14:52:50","slug":"elementor-1340","status":"publish","type":"page","link":"https:\/\/supy.org\/wordpress_9\/fi\/elementor-1340\/","title":{"rendered":"SEMINAARIT"},"content":{"rendered":"\t\t<div data-elementor-type=\"wp-page\" data-elementor-id=\"1340\" class=\"elementor elementor-1340\">\n\t\t\t\t\t\t<section class=\"elementor-section elementor-top-section elementor-element elementor-element-c61de33 elementor-section-boxed elementor-section-height-default elementor-section-height-default\" data-id=\"c61de33\" data-element_type=\"section\">\n\t\t\t\t\t\t<div class=\"elementor-container elementor-column-gap-default\">\n\t\t\t\t\t<div class=\"elementor-column elementor-col-100 elementor-top-column elementor-element elementor-element-2ac699a\" data-id=\"2ac699a\" data-element_type=\"column\">\n\t\t\t<div class=\"elementor-widget-wrap elementor-element-populated\">\n\t\t\t\t\t\t<div class=\"elementor-element elementor-element-48ca934 elementor-widget elementor-widget-heading\" data-id=\"48ca934\" data-element_type=\"widget\" data-widget_type=\"heading.default\">\n\t\t\t\t<div class=\"elementor-widget-container\">\n\t\t\t\t\t<h2 class=\"elementor-heading-title elementor-size-default\">SUPY Kev\u00e4tseminaari 21-22.5.2026, Hki : \"Psyykkisen hyvinvoinnin edist\u00e4minen l\u00e4pi urheilijapolun - Supporting mental well-being in sports\"<\/h2>\t\t\t\t<\/div>\n\t\t\t\t<\/div>\n\t\t\t\t\t<\/div>\n\t\t<\/div>\n\t\t\t\t\t<\/div>\n\t\t<\/section>\n\t\t\t\t<section class=\"elementor-section elementor-top-section elementor-element elementor-element-6510a8d elementor-section-boxed elementor-section-height-default elementor-section-height-default\" data-id=\"6510a8d\" data-element_type=\"section\">\n\t\t\t\t\t\t<div class=\"elementor-container elementor-column-gap-default\">\n\t\t\t\t\t<div class=\"elementor-column elementor-col-100 elementor-top-column elementor-element elementor-element-b8a83be\" data-id=\"b8a83be\" data-element_type=\"column\">\n\t\t\t<div class=\"elementor-widget-wrap elementor-element-populated\">\n\t\t\t\t\t\t<div class=\"elementor-element elementor-element-3ab3a40 elementor-widget elementor-widget-text-editor\" data-id=\"3ab3a40\" data-element_type=\"widget\" data-widget_type=\"text-editor.default\">\n\t\t\t\t<div class=\"elementor-widget-container\">\n\t\t\t\t\t\t\t\t\t<div><b>Aika:<\/b>\u00a0Torstai 21.5.2026 klo\u00a012.30-16.30. Perjantai 22.5.2026 klo\u00a09.30-15.30.<\/div><div><p><b>Paikka:<\/b> M\u00e4kel\u00e4nrinteen lukiolla (M\u00e4kel\u00e4nkatu 47, Hki). ja et\u00e4n\u00e4 Zoomin v\u00e4lityksell\u00e4<\/p><p>Tilaisuuteen on mahdollista osallistua paikan p\u00e4\u00e4ll\u00e4 tai et\u00e4yhteyksin Zoomin v\u00e4lityksell\u00e4.\u00a0My\u00f6s tallenne pyrit\u00e4\u00e4n j\u00e4rjest\u00e4m\u00e4\u00e4n ostettavaksi j\u00e4lkik\u00e4teen.\u00a0Ilmoittautuminen p\u00e4\u00e4ttyy 15.5.2025.\u00a0J\u00e4senalennukseen ovat oikeutettuja SUPY j\u00e4senet.\u00a0<\/p><\/div>\t\t\t\t\t\t\t\t<\/div>\n\t\t\t\t<\/div>\n\t\t\t\t\t<\/div>\n\t\t<\/div>\n\t\t\t\t\t<\/div>\n\t\t<\/section>\n\t\t\t\t<section class=\"elementor-section elementor-top-section elementor-element elementor-element-af13ad9 elementor-section-boxed elementor-section-height-default elementor-section-height-default\" data-id=\"af13ad9\" data-element_type=\"section\">\n\t\t\t\t\t\t<div class=\"elementor-container elementor-column-gap-default\">\n\t\t\t\t\t<div class=\"elementor-column elementor-col-100 elementor-top-column elementor-element elementor-element-3f554e2\" data-id=\"3f554e2\" data-element_type=\"column\">\n\t\t\t<div class=\"elementor-widget-wrap elementor-element-populated\">\n\t\t\t\t\t\t<div class=\"elementor-element elementor-element-23afadd elementor-widget elementor-widget-text-editor\" data-id=\"23afadd\" data-element_type=\"widget\" data-widget_type=\"text-editor.default\">\n\t\t\t\t<div class=\"elementor-widget-container\">\n\t\t\t\t\t\t\t\t\t<p><u>Liput:\u00a0<\/u><\/p><p>SUPY J\u00e4senet\/Opiskelijat 2pv\u00e4\u00e4\u00a0\u00a0 \u00a0110.00 \u20ac<\/p><p>Muut osallistujat 2pv\u00e4\u00e4\u00a0\u00a0 \u00a0150.00 \u20ac<\/p><p>SUPY J\u00e4senet\/Opiskelijat 1pv\u00e4\u00a0\u00a0 \u00a070.00 \u20ac<\/p><p>Muut osallistujat 1pv\u00e4\u00a0\u00a0 \u00a090.00 \u20ac<\/p>\t\t\t\t\t\t\t\t<\/div>\n\t\t\t\t<\/div>\n\t\t\t\t\t<\/div>\n\t\t<\/div>\n\t\t\t\t\t<\/div>\n\t\t<\/section>\n\t\t\t\t<section class=\"elementor-section elementor-top-section elementor-element elementor-element-68b494a elementor-section-boxed elementor-section-height-default elementor-section-height-default\" data-id=\"68b494a\" data-element_type=\"section\">\n\t\t\t\t\t\t<div class=\"elementor-container elementor-column-gap-default\">\n\t\t\t\t\t<div class=\"elementor-column elementor-col-100 elementor-top-column elementor-element elementor-element-20b7f4d\" data-id=\"20b7f4d\" data-element_type=\"column\">\n\t\t\t<div class=\"elementor-widget-wrap elementor-element-populated\">\n\t\t\t\t\t\t<div class=\"elementor-element elementor-element-33a9c1a elementor-widget elementor-widget-text-editor\" data-id=\"33a9c1a\" data-element_type=\"widget\" data-widget_type=\"text-editor.default\">\n\t\t\t\t<div class=\"elementor-widget-container\">\n\t\t\t\t\t\t\t\t\t<p>Seminaari-ilmoittautuminen:<\/p>\t\t\t\t\t\t\t\t<\/div>\n\t\t\t\t<\/div>\n\t\t\t\t\t<\/div>\n\t\t<\/div>\n\t\t\t\t\t<\/div>\n\t\t<\/section>\n\t\t\t\t<section class=\"elementor-section elementor-top-section elementor-element elementor-element-1fe65c4 elementor-section-boxed elementor-section-height-default elementor-section-height-default\" data-id=\"1fe65c4\" data-element_type=\"section\">\n\t\t\t\t\t\t<div class=\"elementor-container elementor-column-gap-default\">\n\t\t\t\t\t<div class=\"elementor-column elementor-col-100 elementor-top-column elementor-element elementor-element-6709dc4\" data-id=\"6709dc4\" data-element_type=\"column\">\n\t\t\t<div class=\"elementor-widget-wrap elementor-element-populated\">\n\t\t\t\t\t\t<div class=\"elementor-element elementor-element-9393720 elementor-widget elementor-widget-button\" data-id=\"9393720\" data-element_type=\"widget\" data-widget_type=\"button.default\">\n\t\t\t\t<div class=\"elementor-widget-container\">\n\t\t\t\t\t\t\t\t\t<div class=\"elementor-button-wrapper\">\n\t\t\t\t\t<a class=\"elementor-button elementor-button-link elementor-size-sm\" href=\"https:\/\/docs.google.com\/forms\/d\/e\/1FAIpQLSfVPo4shEBCx4jDOeigVeHO2xCcYgcA5hImkhvF80nLz8poCA\/viewform?usp=header\" target=\"_blank\">\n\t\t\t\t\t\t<span class=\"elementor-button-content-wrapper\">\n\t\t\t\t\t\t\t\t\t<span class=\"elementor-button-text\">Ilmoittautumiseen<\/span>\n\t\t\t\t\t<\/span>\n\t\t\t\t\t<\/a>\n\t\t\t\t<\/div>\n\t\t\t\t\t\t\t\t<\/div>\n\t\t\t\t<\/div>\n\t\t\t\t\t<\/div>\n\t\t<\/div>\n\t\t\t\t\t<\/div>\n\t\t<\/section>\n\t\t\t\t<section class=\"elementor-section elementor-top-section elementor-element elementor-element-340a863 elementor-section-boxed elementor-section-height-default elementor-section-height-default\" data-id=\"340a863\" data-element_type=\"section\">\n\t\t\t\t\t\t<div class=\"elementor-container elementor-column-gap-default\">\n\t\t\t\t\t<div class=\"elementor-column elementor-col-100 elementor-top-column elementor-element elementor-element-75d8288\" data-id=\"75d8288\" data-element_type=\"column\">\n\t\t\t<div class=\"elementor-widget-wrap elementor-element-populated\">\n\t\t\t\t\t\t<div class=\"elementor-element elementor-element-4e7447f elementor-widget elementor-widget-text-editor\" data-id=\"4e7447f\" data-element_type=\"widget\" data-widget_type=\"text-editor.default\">\n\t\t\t\t<div class=\"elementor-widget-container\">\n\t\t\t\t\t\t\t\t\t<p>Ennen seminaaria\u00a0<b>torstaina 21.5. klo 9.30-11.30<\/b>\u00a0j\u00e4rjestet\u00e4\u00e4n tuttuun tapaan SUPYn j\u00e4senille suunnattu maksuton verkostotapaaminen. Tilaisuus on suunnattu kaikille SUPYn j\u00e4senille, jotka ty\u00f6skentelev\u00e4t alalla osa- tai kokoaikaisesti. Osallistuminen ei edellyt\u00e4 SUPYn ammattilaisj\u00e4senyytt\u00e4.\u00a0Ilmoittautuminen tapahtuu samalla lomakkeella kuin seminaariin ilmoittautuminen.\u00a0<\/p>\t\t\t\t\t\t\t\t<\/div>\n\t\t\t\t<\/div>\n\t\t\t\t\t<\/div>\n\t\t<\/div>\n\t\t\t\t\t<\/div>\n\t\t<\/section>\n\t\t\t\t<\/div>\n\t\t","protected":false},"excerpt":{"rendered":"<p>SUPY Kev\u00e4tseminaari 21-22.5.2026, Hki : &#8220;Psyykkisen hyvinvoinnin edist\u00e4minen l\u00e4pi urheilijapolun &#8211; Supporting mental well-being in sports&#8221; Aika:\u00a0Torstai 21.5.2026 klo\u00a012.30-16.30. Perjantai 22.5.2026 klo\u00a09.30-15.30. Paikka: M\u00e4kel\u00e4nrinteen lukiolla (M\u00e4kel\u00e4nkatu 47, Hki). ja et\u00e4n\u00e4 Zoomin v\u00e4lityksell\u00e4 Tilaisuuteen on mahdollista osallistua paikan p\u00e4\u00e4ll\u00e4 tai et\u00e4yhteyksin Zoomin v\u00e4lityksell\u00e4.\u00a0My\u00f6s tallenne pyrit\u00e4\u00e4n j\u00e4rjest\u00e4m\u00e4\u00e4n ostettavaksi j\u00e4lkik\u00e4teen.\u00a0Ilmoittautuminen p\u00e4\u00e4ttyy 15.5.2025.\u00a0J\u00e4senalennukseen ovat oikeutettuja SUPY j\u00e4senet.\u00a0 Liput:\u00a0 SUPY [&hellip;]<\/p>\n","protected":false},"author":2,"featured_media":0,"parent":0,"menu_order":0,"comment_status":"closed","ping_status":"closed","template":"","meta":{"ocean_post_layout":"","ocean_both_sidebars_style":"","ocean_both_sidebars_content_width":0,"ocean_both_sidebars_sidebars_width":0,"ocean_sidebar":"0","ocean_second_sidebar":"0","ocean_disable_margins":"enable","ocean_add_body_class":"","ocean_shortcode_before_top_bar":"","ocean_shortcode_after_top_bar":"","ocean_shortcode_before_header":"","ocean_shortcode_after_header":"","ocean_has_shortcode":"","ocean_shortcode_after_title":"","ocean_shortcode_before_footer_widgets":"","ocean_shortcode_after_footer_widgets":"","ocean_shortcode_before_footer_bottom":"","ocean_shortcode_after_footer_bottom":"","ocean_display_top_bar":"default","ocean_display_header":"default","ocean_header_style":"","ocean_center_header_left_menu":"0","ocean_custom_header_template":"0","ocean_custom_logo":0,"ocean_custom_retina_logo":0,"ocean_custom_logo_max_width":0,"ocean_custom_logo_tablet_max_width":0,"ocean_custom_logo_mobile_max_width":0,"ocean_custom_logo_max_height":0,"ocean_custom_logo_tablet_max_height":0,"ocean_custom_logo_mobile_max_height":0,"ocean_header_custom_menu":"0","ocean_menu_typo_font_family":"0","ocean_menu_typo_font_subset":"","ocean_menu_typo_font_size":0,"ocean_menu_typo_font_size_tablet":0,"ocean_menu_typo_font_size_mobile":0,"ocean_menu_typo_font_size_unit":"px","ocean_menu_typo_font_weight":"","ocean_menu_typo_font_weight_tablet":"","ocean_menu_typo_font_weight_mobile":"","ocean_menu_typo_transform":"","ocean_menu_typo_transform_tablet":"","ocean_menu_typo_transform_mobile":"","ocean_menu_typo_line_height":0,"ocean_menu_typo_line_height_tablet":0,"ocean_menu_typo_line_height_mobile":0,"ocean_menu_typo_line_height_unit":"","ocean_menu_typo_spacing":0,"ocean_menu_typo_spacing_tablet":0,"ocean_menu_typo_spacing_mobile":0,"ocean_menu_typo_spacing_unit":"","ocean_menu_link_color":"","ocean_menu_link_color_hover":"","ocean_menu_link_color_active":"","ocean_menu_link_background":"","ocean_menu_link_hover_background":"","ocean_menu_link_active_background":"","ocean_menu_social_links_bg":"","ocean_menu_social_hover_links_bg":"","ocean_menu_social_links_color":"","ocean_menu_social_hover_links_color":"","ocean_disable_title":"default","ocean_disable_heading":"default","ocean_post_title":"","ocean_post_subheading":"","ocean_post_title_style":"","ocean_post_title_background_color":"","ocean_post_title_background":0,"ocean_post_title_bg_image_position":"","ocean_post_title_bg_image_attachment":"","ocean_post_title_bg_image_repeat":"","ocean_post_title_bg_image_size":"","ocean_post_title_height":0,"ocean_post_title_bg_overlay":0.5,"ocean_post_title_bg_overlay_color":"","ocean_disable_breadcrumbs":"default","ocean_breadcrumbs_color":"","ocean_breadcrumbs_separator_color":"","ocean_breadcrumbs_links_color":"","ocean_breadcrumbs_links_hover_color":"","ocean_display_footer_widgets":"default","ocean_display_footer_bottom":"default","ocean_custom_footer_template":"0","footnotes":""},"class_list":["post-1340","page","type-page","status-publish","hentry","entry"],"_links":{"self":[{"href":"https:\/\/supy.org\/wordpress_9\/wp-json\/wp\/v2\/pages\/1340","targetHints":{"allow":["GET"]}}],"collection":[{"href":"https:\/\/supy.org\/wordpress_9\/wp-json\/wp\/v2\/pages"}],"about":[{"href":"https:\/\/supy.org\/wordpress_9\/wp-json\/wp\/v2\/types\/page"}],"author":[{"embeddable":true,"href":"https:\/\/supy.org\/wordpress_9\/wp-json\/wp\/v2\/users\/2"}],"replies":[{"embeddable":true,"href":"https:\/\/supy.org\/wordpress_9\/wp-json\/wp\/v2\/comments?post=1340"}],"version-history":[{"count":163,"href":"https:\/\/supy.org\/wordpress_9\/wp-json\/wp\/v2\/pages\/1340\/revisions"}],"predecessor-version":[{"id":2463,"href":"https:\/\/supy.org\/wordpress_9\/wp-json\/wp\/v2\/pages\/1340\/revisions\/2463"}],"wp:attachment":[{"href":"https:\/\/supy.org\/wordpress_9\/wp-json\/wp\/v2\/media?parent=1340"}],"curies":[{"name":"wp","href":"https:\/\/api.w.org\/{rel}","templated":true}]}}