{"id":1038,"date":"2020-05-10T22:29:07","date_gmt":"2020-05-10T22:29:07","guid":{"rendered":"http:\/\/supy.org\/wordpress_9\/?page_id=1038"},"modified":"2021-01-12T08:20:52","modified_gmt":"2021-01-12T08:20:52","slug":"asiantuntijat","status":"publish","type":"page","link":"https:\/\/supy.org\/wordpress_9\/fi\/asiantuntijahaku\/asiantuntijat\/","title":{"rendered":"ASIANTUNTIJAT"},"content":{"rendered":"\n<p><strong>Psyykkinen valmentaja<\/strong><\/p>\n\n\n\n<p>Psyykkisen valmentajan teht\u00e4v\u00e4 on auttaa ihmist\u00e4 optimoimaan haluamansa suoritus sek\u00e4 edesauttaa kokonaisvaltaista hyvinvointia. Psyykkisi\u00e4 valmentajia toimii tavoitteellisen urheilun ja liikuntaneuvonnan parissa, terveysalalla sek\u00e4 nyky\u00e4\u00e4n my\u00f6s liiketaloustoiminnassa ja esimerkiksi esiintyvien taiteilijoiden kanssa. Urheilun toimintaymp\u00e4rist\u00f6ss\u00e4 psyykkinen valmentaja pyrkii edist\u00e4m\u00e4\u00e4n urheilijan hyvinvointia sek\u00e4 optimoimaan suorituskyky\u00e4 psyykkisen valmennuksen menetelmin. Psyykkisen valmennuksen menetelm\u00e4t kehitt\u00e4v\u00e4t psyykkisi\u00e4 taitoja, joita ovat esimerkiksi keskittyminen, itses\u00e4\u00e4tely, mielikuvaharjoittelu, tavoitteiden asettelu ja itseluottamus. Psyykkinen valmentaja voi auttaa urheilijoita my\u00f6s k\u00e4sittelem\u00e4\u00e4n vaikeita tilanteita, kuten loukkaantumisia tai ep\u00e4onnistumisen kokemuksia. Jos kuitenkin urheilun vaikeat tilanteet heijastuvat muihin el\u00e4m\u00e4nalueisiin ja aiheuttavat pitkittynytt\u00e4 k\u00e4rsimyst\u00e4 uhaten henkist\u00e4 terveytt\u00e4, on hyv\u00e4 k\u00e4\u00e4nty\u00e4 psykologian ammattilaisen (psykologi, psykiatri tai psykoterapeutti) avun puoleen. Lis\u00e4ksi psyykkiset valmentajat voivat toimia valmentajien apuna muun muassa vuorovaikutuksen, valmentajan oman hyvinvoinnin ja ryhm\u00e4dynamiikan tukemiseksi.&nbsp;&nbsp;<\/p>\n\n\n\n<p>Psyykkisen valmentajan nimikett\u00e4 voi k\u00e4ytt\u00e4\u00e4 kuka tahansa niin halutessaan. Asiakkaan onkin hyv\u00e4 selvitt\u00e4\u00e4 koulutustausta ennen asiakassuhteen solmimista. Alalla on k\u00e4yt\u00f6ss\u00e4 sertifiointij\u00e4rjestelm\u00e4, jota valvoo Psykologiliitto. Sertifikaatteja on kaksi:&nbsp;<\/p>\n\n\n\n<p>1)&nbsp;<strong>urheilun psyykkisen valmennuksen ja liikunta-aktiivisuuden edist\u00e4misen (UPV sert.) sertifikaatti,<\/strong>jonka voivat saada henkil\u00f6t, joilla on soveltuva akateeminen maisteritason pohjakoulutus sek\u00e4&nbsp;<\/p>\n\n\n\n<p>2)&nbsp;<strong>urheilupsykologin sertifikaatti<\/strong>, jonka voivat saada sellaiset henkil\u00f6t, joiden pohjakoulutuksena on psykologian maisterin tutkinto.&nbsp;<\/p>\n\n\n\n<p>Lis\u00e4ksi sertifiointiin vaaditaan liikuntatieteiden, liikuntapsykologian ja psykologian t\u00e4ydent\u00e4vi\u00e4 opintoja sek\u00e4 jatkuva ty\u00f6skentely urheilun psyykkisen valmennuksen parissa kahden edelt\u00e4v\u00e4n vuoden aikana ja t\u00e4h\u00e4n liittyv\u00e4\u00e4 ty\u00f6nohjausta. Urheilupsykologiaan liittyv\u00e4\u00e4 koulutusta j\u00e4rjest\u00e4v\u00e4t muun muassa Jyv\u00e4skyl\u00e4n yliopisto, Haaga-Helian ammattikorkeakoulu sek\u00e4 useat yksityiset tahot.<\/p>\n\n\n\n<p>Lis\u00e4tietoja sertifioinnista:\u00a0<a href=\"https:\/\/www.psyli.fi\/psykologin-tyo-ja-koulutus\/patevyydet-ja-sertifikaatit\/urheilupsykologian-sertifikaatti\/\" target=\"_blank\" rel=\"noreferrer noopener\">https:\/\/www.psyli.fi\/tietoa_psykologeista\/urheilupsykologian_sertifikaatit<\/a><\/p>\n\n\n\n<p><strong>Psykologi (urheilupsykologi)<\/strong><\/p>\n\n\n\n<p>Psykologin teht\u00e4v\u00e4n\u00e4 on toimia ihmismielen tukena kaikilla el\u00e4m\u00e4n osa-alueilla. Psykologi on psykometrisen tiedon, ajattelun, tunteiden ja k\u00e4ytt\u00e4ytymisen asiantuntija, joka arvioi ja avustaa ihmisi\u00e4 kokonaisvaltaisesti. Psykologit auttavat ihmisi\u00e4 ymm\u00e4rt\u00e4m\u00e4\u00e4n itse\u00e4\u00e4n, tunteitaan, arvojaan ja toimintaansa paremmin, ja edist\u00e4\u00e4 n\u00e4in psyykkist\u00e4 terveytt\u00e4, ennaltaehk\u00e4isee mielenterveyden ongelmia ja my\u00f6s hoitaa tiettyj\u00e4 mielen ongelmia. Psykologian alan asiantuntijuutta voidaan hy\u00f6dynt\u00e4\u00e4 miss\u00e4 tahansa ymp\u00e4rist\u00f6ss\u00e4, jossa ihmismieli toimii, ja psykologi voikin erikoistua monien eri ammattialojen teht\u00e4viin. N\u00e4it\u00e4 erikoistumiskoulutuksen tahoja ovat esimerkiksi ty\u00f6- ja organisaatiopsykologia, kehityspsykologia, neuropsykologia, kliininen psykologia, urheilupsykologia sek\u00e4 psykoterapia.&nbsp;<\/p>\n\n\n\n<p>Psykologin ammattinimikkeen k\u00e4ytt\u00e4miseen vaaditaan psykologian maisterin (PsM) akateeminen perustutkinto sek\u00e4 Valviran my\u00f6nt\u00e4m\u00e4 laillistus. Urheilupsykologiaan ei ole varsinaista yliopistotasoista erikoistumiskoulutusta Suomessa, mutta urheilupsykologin sertifikaattiin t\u00e4ht\u00e4\u00e4v\u00e4t voivat t\u00e4ydent\u00e4\u00e4 psykologian maisterin tutkintoaan esimerkiksi psyykkisen valmennuksen, liikuntatieteiden tai liikuntapsykologian opinnoilla. Urheilupsykologit toimivat vastaavalla tavalla urheilun ja liikunnan parissa kuin psyykkiset valmentajat, mutta heill\u00e4 on lis\u00e4ksi laillinen oikeus sek\u00e4 p\u00e4tevyys paneutua my\u00f6s urheilijoiden ja valmentajien psykopatologisiin oireisiin ja ongelmiin.&nbsp;<\/p>\n\n\n\n<p><strong>Psykoterapeutti<\/strong><\/p>\n\n\n\n<p>Psykoterapeutti on terveydenhoitoalan ammattilainen, joka auttaa ihmisi\u00e4 mielenterveyden ongelmien hoidossa. Psykoterapeutti ohjaa asiakkaitaan ymm\u00e4rt\u00e4m\u00e4\u00e4n itse\u00e4\u00e4n, ajatuksiaan, motiivejaan ja k\u00e4ytt\u00e4ytymist\u00e4\u00e4n, sek\u00e4 niiden kautta k\u00e4sittelem\u00e4\u00e4n mahdollista ongelmaa erilaisin keinoin. Psykoterapian avulla voidaan kehitt\u00e4\u00e4 ihmisen ongelmanratkaisutaitoja,&nbsp;oppia toimivampia tapoja k\u00e4sitell\u00e4 tunteita, parantaa ihmissuhteiden laatua ja&nbsp;suuntautua tulevaisuuteen tekem\u00e4ll\u00e4 itselleen merkityksellisi\u00e4 valintoja.&nbsp;Psykoterapian suuntauksia on useita, ja ne k\u00e4sittelev\u00e4t asiakkaan tilannetta hieman erilaisista n\u00e4k\u00f6kulmista ja erilaisin menetelmin. Yleisimpi\u00e4 n\u00e4ist\u00e4 suuntauksista ovat psykodynaaminen,&nbsp;kognitiivinen k\u00e4ytt\u00e4ytymisterapia,&nbsp;kognitiivis-analyyttinen, kognitiivinen, ratkaisukeskeinen sek\u00e4 integratiivinen psykoterapia. Psykoterapeutti voi auttaa my\u00f6s urheilijoita erilaisten syvemm\u00e4lle juurtuneiden ongelmien kanssa, joiden hoitaminen vaatii intensiivisemp\u00e4\u00e4 sek\u00e4 pidempikestoista hoitoa. T\u00e4llaisia suoritusta ja laajemmin hyvinvointia uhkaavia ongelmia voivat esimerkiksi olla unih\u00e4iri\u00f6t, masennus, kilpailutilanteiden pelot, ahdistuneisuus tai sy\u00f6mish\u00e4iri\u00f6t.&nbsp;<\/p>\n\n\n\n<p>Psykoterapeutin koulutuksen voivat suorittaa terveydenhoitoalan ylemm\u00e4n korkeakoulutason, kuten psykologin, l\u00e4\u00e4k\u00e4rin tai psykiatrisen erikoissairaanhoitajan tutkinnon suorittaneet henkil\u00f6t,&nbsp;tai muun soveltuvan korkeakoulutasoisen tutkinnonsuorittaneet henkil\u00f6t, joilla on riitt\u00e4v\u00e4 m\u00e4\u00e4r\u00e4 psykologian opintoja.&nbsp;Psykoterapiakoulutusta j\u00e4rjest\u00e4v\u00e4t yliopistot sek\u00e4 yksityiset koulutusorganisaatiot&nbsp;yhteisty\u00f6ss\u00e4 yliopistojen kanssa.&nbsp;Psykoterapian koulutuksen voi suorittaa my\u00f6s osana erikoispsykologikoulutusta. Koulutuksen lis\u00e4ksi, ja psykoterapeutin ammattinimikkeen saamiseksi vaaditaan kahden vuoden ty\u00f6kokemus mielenterveyspalvelujen parissa sek\u00e4 Valviran hyv\u00e4ksynt\u00e4. Kuntoutuspsykoterapiaan on mahdollista saada Kelan tukea 1-3 vuoden ajan. Tukihakemusta varten vaaditaan psykiatrin lausunto sek\u00e4 kolmen kuukauden terapiaa edelt\u00e4v\u00e4 hoitojakso.&nbsp;<\/p>\n\n\n\n<p>Lis\u00e4tietoa Kelan kuntoutuspsykoterapiasta:&nbsp;<a href=\"https:\/\/www.kela.fi\/kuntoutuspsykoterapia\">https:\/\/www.kela.fi\/kuntoutuspsykoterapia<\/a><\/p>\n","protected":false},"excerpt":{"rendered":"<p>Psyykkinen valmentaja Psyykkisen valmentajan teht\u00e4v\u00e4 on auttaa ihmist\u00e4 optimoimaan haluamansa suoritus sek\u00e4 edesauttaa kokonaisvaltaista hyvinvointia. Psyykkisi\u00e4 valmentajia toimii tavoitteellisen urheilun ja liikuntaneuvonnan parissa, terveysalalla sek\u00e4 nyky\u00e4\u00e4n my\u00f6s liiketaloustoiminnassa ja esimerkiksi esiintyvien taiteilijoiden kanssa. Urheilun toimintaymp\u00e4rist\u00f6ss\u00e4 psyykkinen valmentaja pyrkii edist\u00e4m\u00e4\u00e4n urheilijan hyvinvointia sek\u00e4 optimoimaan suorituskyky\u00e4 psyykkisen valmennuksen menetelmin. Psyykkisen valmennuksen menetelm\u00e4t kehitt\u00e4v\u00e4t psyykkisi\u00e4 taitoja, joita ovat [&hellip;]<\/p>\n","protected":false},"author":3,"featured_media":0,"parent":19,"menu_order":0,"comment_status":"closed","ping_status":"closed","template":"","meta":{"ocean_post_layout":"","ocean_both_sidebars_style":"","ocean_both_sidebars_content_width":0,"ocean_both_sidebars_sidebars_width":0,"ocean_sidebar":"0","ocean_second_sidebar":"0","ocean_disable_margins":"enable","ocean_add_body_class":"","ocean_shortcode_before_top_bar":"","ocean_shortcode_after_top_bar":"","ocean_shortcode_before_header":"","ocean_shortcode_after_header":"","ocean_has_shortcode":"","ocean_shortcode_after_title":"","ocean_shortcode_before_footer_widgets":"","ocean_shortcode_after_footer_widgets":"","ocean_shortcode_before_footer_bottom":"","ocean_shortcode_after_footer_bottom":"","ocean_display_top_bar":"default","ocean_display_header":"default","ocean_header_style":"","ocean_center_header_left_menu":"0","ocean_custom_header_template":"0","ocean_custom_logo":0,"ocean_custom_retina_logo":0,"ocean_custom_logo_max_width":0,"ocean_custom_logo_tablet_max_width":0,"ocean_custom_logo_mobile_max_width":0,"ocean_custom_logo_max_height":0,"ocean_custom_logo_tablet_max_height":0,"ocean_custom_logo_mobile_max_height":0,"ocean_header_custom_menu":"0","ocean_menu_typo_font_family":"0","ocean_menu_typo_font_subset":"","ocean_menu_typo_font_size":0,"ocean_menu_typo_font_size_tablet":0,"ocean_menu_typo_font_size_mobile":0,"ocean_menu_typo_font_size_unit":"px","ocean_menu_typo_font_weight":"","ocean_menu_typo_font_weight_tablet":"","ocean_menu_typo_font_weight_mobile":"","ocean_menu_typo_transform":"","ocean_menu_typo_transform_tablet":"","ocean_menu_typo_transform_mobile":"","ocean_menu_typo_line_height":0,"ocean_menu_typo_line_height_tablet":0,"ocean_menu_typo_line_height_mobile":0,"ocean_menu_typo_line_height_unit":"","ocean_menu_typo_spacing":0,"ocean_menu_typo_spacing_tablet":0,"ocean_menu_typo_spacing_mobile":0,"ocean_menu_typo_spacing_unit":"","ocean_menu_link_color":"","ocean_menu_link_color_hover":"","ocean_menu_link_color_active":"","ocean_menu_link_background":"","ocean_menu_link_hover_background":"","ocean_menu_link_active_background":"","ocean_menu_social_links_bg":"","ocean_menu_social_hover_links_bg":"","ocean_menu_social_links_color":"","ocean_menu_social_hover_links_color":"","ocean_disable_title":"default","ocean_disable_heading":"default","ocean_post_title":"","ocean_post_subheading":"","ocean_post_title_style":"","ocean_post_title_background_color":"","ocean_post_title_background":0,"ocean_post_title_bg_image_position":"","ocean_post_title_bg_image_attachment":"","ocean_post_title_bg_image_repeat":"","ocean_post_title_bg_image_size":"","ocean_post_title_height":0,"ocean_post_title_bg_overlay":0.5,"ocean_post_title_bg_overlay_color":"","ocean_disable_breadcrumbs":"default","ocean_breadcrumbs_color":"","ocean_breadcrumbs_separator_color":"","ocean_breadcrumbs_links_color":"","ocean_breadcrumbs_links_hover_color":"","ocean_display_footer_widgets":"default","ocean_display_footer_bottom":"default","ocean_custom_footer_template":"0","footnotes":""},"class_list":["post-1038","page","type-page","status-publish","hentry","entry"],"_links":{"self":[{"href":"https:\/\/supy.org\/wordpress_9\/wp-json\/wp\/v2\/pages\/1038","targetHints":{"allow":["GET"]}}],"collection":[{"href":"https:\/\/supy.org\/wordpress_9\/wp-json\/wp\/v2\/pages"}],"about":[{"href":"https:\/\/supy.org\/wordpress_9\/wp-json\/wp\/v2\/types\/page"}],"author":[{"embeddable":true,"href":"https:\/\/supy.org\/wordpress_9\/wp-json\/wp\/v2\/users\/3"}],"replies":[{"embeddable":true,"href":"https:\/\/supy.org\/wordpress_9\/wp-json\/wp\/v2\/comments?post=1038"}],"version-history":[{"count":3,"href":"https:\/\/supy.org\/wordpress_9\/wp-json\/wp\/v2\/pages\/1038\/revisions"}],"predecessor-version":[{"id":1092,"href":"https:\/\/supy.org\/wordpress_9\/wp-json\/wp\/v2\/pages\/1038\/revisions\/1092"}],"up":[{"embeddable":true,"href":"https:\/\/supy.org\/wordpress_9\/wp-json\/wp\/v2\/pages\/19"}],"wp:attachment":[{"href":"https:\/\/supy.org\/wordpress_9\/wp-json\/wp\/v2\/media?parent=1038"}],"curies":[{"name":"wp","href":"https:\/\/api.w.org\/{rel}","templated":true}]}}