{"id":103,"date":"2017-03-07T14:59:12","date_gmt":"2017-03-07T14:59:12","guid":{"rendered":"http:\/\/supy.org\/wordpress_9\/?page_id=103"},"modified":"2020-05-14T09:13:50","modified_gmt":"2020-05-14T09:13:50","slug":"liity-jaseneksi","status":"publish","type":"page","link":"https:\/\/supy.org\/wordpress_9\/fi\/yhdistys\/liity-jaseneksi\/","title":{"rendered":"J\u00c4SENEKSI LIITTYMINEN"},"content":{"rendered":"<p><strong>Tervetuloa Suomen urheilupsykologisen yhdistyksen j\u00e4seneksi!<\/strong><\/p>\n<p>J\u00e4senen\u00e4 p\u00e4\u00e4set:<\/p>\n<ul>\n<li>Verkostoitumaan muiden alan toimijoiden kanssa<\/li>\n<li>SUPY:n viestinn\u00e4n piiriin, eli saat ajankohtaista tietoa urheilupsykologian\u00a0alasta Suomessa<\/li>\n<li>Alennusta SUPY:n tapahtumista, kuten kev\u00e4t- ja syysseminaareista<\/li>\n<li>Halutessasi osallistumaan yhdistyksen toimintaan siten, ett\u00e4 olet mukana<\/li>\n<li>Kehitt\u00e4m\u00e4ss\u00e4 urheilupsykologista toimintaa Suomessa. \u00a0<\/li>\n<\/ul>\n<p>J\u00e4seneksi voidaan hyv\u00e4ksy\u00e4 henkil\u00f6, joka osoittaa kiinnostuneisuuden, aktiivisuuden ja harrastuneisuuden urheilupsykologian alalla (mm. ty\u00f6teht\u00e4v\u00e4t, opinnot ja oma aktiivisuus liikunnan ja urheilun parissa). Lis\u00e4ksi ammattilaisj\u00e4seneksi voidaan hyv\u00e4ksy\u00e4 henkil\u00f6, jolla on riitt\u00e4v\u00e4, <a href=\"http:\/\/supy.org\/wordpress_9\/fi\/yhdistys\/yhdistyksen-saannot\/\">s\u00e4\u00e4nn\u00f6iss\u00e4<\/a>\u00a0m\u00e4\u00e4ritelty koulutustausta. Molempien j\u00e4senlajien j\u00e4senmaksut ja -edut ovat yht\u00e4l\u00e4iset, mutta ammattilaisj\u00e4sen voi halutessaan liitty\u00e4 SUPY:n yll\u00e4pit\u00e4m\u00e4\u00e4n urheilupsykologian asiantuntijarekisteriin.<\/p>\n<p>Hallitus hyv\u00e4ksyy j\u00e4seneksi hakemuksen perusteella. Hakeminen tapahtuu l\u00e4hett\u00e4m\u00e4ll\u00e4 alla olevat tiedot. J\u00e4senyys edellytt\u00e4\u00e4 maksettua j\u00e4senmaksua (50 euroa\/vuosi). Saat laskun maksun suorittamiseksi j\u00e4senhakemuksesi k\u00e4sittelyn j\u00e4lkeen.&#8221;<\/p>\n<p><br \/><br \/><\/p>\n<p><!-- poistettu spostitse tapahtuva yhteydenotto tekstit --><!--\nHakeminen tapahtuu l\u00e4hett\u00e4m\u00e4ll\u00e4 alla olevat tiedot s\u00e4hk\u00f6postitse. J\u00e4senyys edellytt\u00e4\u00e4 maksettua j\u00e4senmaksua. Saat maksun j\u00e4senyyshakemuksen k\u00e4sittelyn j\u00e4lkeen.\n\n\n\n\n\n\n\n\n<p style=\"text-align: left;\">L\u00e4het\u00e4 seuraavat tiedot s\u00e4hk\u00f6postitse osoitteeseen <strong>info@supy.org<\/strong><\/p>\n\n\n\n\n\n\n\n\n--><\/p>\n\n\n<h4 class=\"wp-block-heading\">Liity J\u00e4seneksi<\/h4>\n\n\n\n<iframe src=\"https:\/\/docs.google.com\/forms\/d\/e\/1FAIpQLSeSXfVxTV-g3IcaY4kzvjLVeWwW42dgabt-o4KPqTgbqXWn8g\/viewform?embedded=true\" width=\"640\" height=\"1848\" frameborder=\"0\" marginheight=\"0\" marginwidth=\"0\">Ladataan\u2026<\/iframe>\n\n\n\n<p><\/p>\n","protected":false},"excerpt":{"rendered":"<p>Tervetuloa Suomen urheilupsykologisen yhdistyksen j\u00e4seneksi! J\u00e4senen\u00e4 p\u00e4\u00e4set: Verkostoitumaan muiden alan toimijoiden kanssa SUPY:n viestinn\u00e4n piiriin, eli saat ajankohtaista tietoa urheilupsykologian\u00a0alasta Suomessa Alennusta SUPY:n tapahtumista, kuten kev\u00e4t- ja syysseminaareista Halutessasi osallistumaan yhdistyksen toimintaan siten, ett\u00e4 olet mukana Kehitt\u00e4m\u00e4ss\u00e4 urheilupsykologista toimintaa Suomessa. \u00a0 J\u00e4seneksi voidaan hyv\u00e4ksy\u00e4 henkil\u00f6, joka osoittaa kiinnostuneisuuden, aktiivisuuden ja harrastuneisuuden urheilupsykologian alalla (mm. ty\u00f6teht\u00e4v\u00e4t, [&hellip;]<\/p>\n","protected":false},"author":3,"featured_media":0,"parent":78,"menu_order":0,"comment_status":"closed","ping_status":"closed","template":"","meta":{"ocean_post_layout":"","ocean_both_sidebars_style":"","ocean_both_sidebars_content_width":0,"ocean_both_sidebars_sidebars_width":0,"ocean_sidebar":"0","ocean_second_sidebar":"0","ocean_disable_margins":"enable","ocean_add_body_class":"","ocean_shortcode_before_top_bar":"","ocean_shortcode_after_top_bar":"","ocean_shortcode_before_header":"","ocean_shortcode_after_header":"","ocean_has_shortcode":"","ocean_shortcode_after_title":"","ocean_shortcode_before_footer_widgets":"","ocean_shortcode_after_footer_widgets":"","ocean_shortcode_before_footer_bottom":"","ocean_shortcode_after_footer_bottom":"","ocean_display_top_bar":"default","ocean_display_header":"default","ocean_header_style":"","ocean_center_header_left_menu":"0","ocean_custom_header_template":"0","ocean_custom_logo":0,"ocean_custom_retina_logo":0,"ocean_custom_logo_max_width":0,"ocean_custom_logo_tablet_max_width":0,"ocean_custom_logo_mobile_max_width":0,"ocean_custom_logo_max_height":0,"ocean_custom_logo_tablet_max_height":0,"ocean_custom_logo_mobile_max_height":0,"ocean_header_custom_menu":"0","ocean_menu_typo_font_family":"0","ocean_menu_typo_font_subset":"","ocean_menu_typo_font_size":0,"ocean_menu_typo_font_size_tablet":0,"ocean_menu_typo_font_size_mobile":0,"ocean_menu_typo_font_size_unit":"px","ocean_menu_typo_font_weight":"","ocean_menu_typo_font_weight_tablet":"","ocean_menu_typo_font_weight_mobile":"","ocean_menu_typo_transform":"","ocean_menu_typo_transform_tablet":"","ocean_menu_typo_transform_mobile":"","ocean_menu_typo_line_height":0,"ocean_menu_typo_line_height_tablet":0,"ocean_menu_typo_line_height_mobile":0,"ocean_menu_typo_line_height_unit":"","ocean_menu_typo_spacing":0,"ocean_menu_typo_spacing_tablet":0,"ocean_menu_typo_spacing_mobile":0,"ocean_menu_typo_spacing_unit":"","ocean_menu_link_color":"","ocean_menu_link_color_hover":"","ocean_menu_link_color_active":"","ocean_menu_link_background":"","ocean_menu_link_hover_background":"","ocean_menu_link_active_background":"","ocean_menu_social_links_bg":"","ocean_menu_social_hover_links_bg":"","ocean_menu_social_links_color":"","ocean_menu_social_hover_links_color":"","ocean_disable_title":"default","ocean_disable_heading":"default","ocean_post_title":"","ocean_post_subheading":"","ocean_post_title_style":"","ocean_post_title_background_color":"","ocean_post_title_background":0,"ocean_post_title_bg_image_position":"","ocean_post_title_bg_image_attachment":"","ocean_post_title_bg_image_repeat":"","ocean_post_title_bg_image_size":"","ocean_post_title_height":0,"ocean_post_title_bg_overlay":0.5,"ocean_post_title_bg_overlay_color":"","ocean_disable_breadcrumbs":"default","ocean_breadcrumbs_color":"","ocean_breadcrumbs_separator_color":"","ocean_breadcrumbs_links_color":"","ocean_breadcrumbs_links_hover_color":"","ocean_display_footer_widgets":"default","ocean_display_footer_bottom":"default","ocean_custom_footer_template":"0","footnotes":""},"class_list":["post-103","page","type-page","status-publish","hentry","entry"],"_links":{"self":[{"href":"https:\/\/supy.org\/wordpress_9\/wp-json\/wp\/v2\/pages\/103","targetHints":{"allow":["GET"]}}],"collection":[{"href":"https:\/\/supy.org\/wordpress_9\/wp-json\/wp\/v2\/pages"}],"about":[{"href":"https:\/\/supy.org\/wordpress_9\/wp-json\/wp\/v2\/types\/page"}],"author":[{"embeddable":true,"href":"https:\/\/supy.org\/wordpress_9\/wp-json\/wp\/v2\/users\/3"}],"replies":[{"embeddable":true,"href":"https:\/\/supy.org\/wordpress_9\/wp-json\/wp\/v2\/comments?post=103"}],"version-history":[{"count":8,"href":"https:\/\/supy.org\/wordpress_9\/wp-json\/wp\/v2\/pages\/103\/revisions"}],"predecessor-version":[{"id":1047,"href":"https:\/\/supy.org\/wordpress_9\/wp-json\/wp\/v2\/pages\/103\/revisions\/1047"}],"up":[{"embeddable":true,"href":"https:\/\/supy.org\/wordpress_9\/wp-json\/wp\/v2\/pages\/78"}],"wp:attachment":[{"href":"https:\/\/supy.org\/wordpress_9\/wp-json\/wp\/v2\/media?parent=103"}],"curies":[{"name":"wp","href":"https:\/\/api.w.org\/{rel}","templated":true}]}}