{"id":99,"date":"2017-03-07T14:49:04","date_gmt":"2017-03-07T14:49:04","guid":{"rendered":"http:\/\/supy.org\/wordpress_9\/?page_id=99"},"modified":"2024-08-15T07:35:36","modified_gmt":"2024-08-15T07:35:36","slug":"ammattieettiset-saannot","status":"publish","type":"page","link":"http:\/\/supy.org\/wordpress_9\/fi\/yhdistys\/ammattieettiset-saannot\/","title":{"rendered":"Ammattieettiset suositukset"},"content":{"rendered":"\t\t<div data-elementor-type=\"wp-page\" data-elementor-id=\"99\" class=\"elementor elementor-99\">\n\t\t\t\t\t\t<section class=\"elementor-section elementor-top-section elementor-element elementor-element-3bbda511 elementor-section-boxed elementor-section-height-default elementor-section-height-default\" data-id=\"3bbda511\" data-element_type=\"section\">\n\t\t\t\t\t\t<div class=\"elementor-container elementor-column-gap-default\">\n\t\t\t\t\t<div class=\"elementor-column elementor-col-100 elementor-top-column elementor-element elementor-element-7261492d\" data-id=\"7261492d\" data-element_type=\"column\">\n\t\t\t<div class=\"elementor-widget-wrap elementor-element-populated\">\n\t\t\t\t\t\t<div class=\"elementor-element elementor-element-46230adf elementor-widget elementor-widget-text-editor\" data-id=\"46230adf\" data-element_type=\"widget\" data-widget_type=\"text-editor.default\">\n\t\t\t\t<div class=\"elementor-widget-container\">\n\t\t\t\t\t\t\t\t\t<p>\u00a0<\/p><h2 style=\"text-align: left;\">SUPY &#8211; AMMATTIEETTISET SUOSITUKSET<\/h2><p>\u00a0<\/p><p style=\"text-align: left;\">Suomen urheilupsykologisen yhdistyksen SUPY ry:n ammattieettiset suositukset<\/p><p style=\"text-align: left;\">N\u00e4m\u00e4 eettiset suositukset on laadittu ohjeeksi ja apuv\u00e4lineeksi urheilupsykologisena asiantuntijana toimittaessa. Urheilupsykologian asiantuntija k\u00e4ytt\u00e4\u00e4 urheilupsykologista tietoa asiakasty\u00f6ss\u00e4\u00e4n yksil\u00f6iden, ryhmien ja organisaatioiden kanssa sek\u00e4 toimiessaan kouluttajana, tutkijana ja tiedonv\u00e4litt\u00e4j\u00e4n\u00e4. Kaikissa urheilupsykologian asiantuntijan ty\u00f6h\u00f6n liittyviss\u00e4 tilanteissa luottamuksellisuuden s\u00e4ilytt\u00e4minen ja eettinen tietoisuus ovat t\u00e4rkeit\u00e4. Asiantuntija ei salli itseens\u00e4 vaikutettavan niin, ett\u00e4 se johtaa eettisten periaatteiden rikkomiseen.<\/p><p style=\"text-align: left;\">Urheilupsykologian asiantuntijaan viitattaessa k\u00e4ytet\u00e4\u00e4n lyhyesti termi\u00e4 asiantuntija ja t\u00e4ll\u00e4 tarkoitetaan kaikkia urheilupsykologisessa toiminnassa tai psyykkisen valmennuksen parissa joko ammatikseen tai harrastuksenomaisesti toimivia erilaisen koulutustaustan omaavia henkil\u00f6it\u00e4 (esimerkiksi psykologeja, liikuntatieteilij\u00f6it\u00e4, liikunnanohjaajia, hypno-tai suggestoterapeutteja).<\/p><p style=\"text-align: left;\">Asiakkailla tarkoitetaan n\u00e4iss\u00e4 eettisiss\u00e4 suosituksissa kaikkia yksil\u00f6it\u00e4, ryhmi\u00e4 ja organisaatioita, joihin asiantuntijalla on ammatillinen suhde. Asiakkaita voivat olla mm. urheilijat, liikunnanharrastajat, valmentajat, opettajat ja ohjaajat sek\u00e4 joukkueet ja alan j\u00e4rjest\u00f6t ja seurat.<\/p><p style=\"text-align: left;\"><strong>I YKSIL\u00d6N OIKEUDET JA ARVO<\/strong><\/p><p style=\"text-align: left;\">Asiantuntija kunnioittaa jokaisen ihmisen perusoikeuksia, arvokkuutta ja arvoa sek\u00e4 ty\u00f6skentelee n\u00e4iden kehittymisen edist\u00e4miseksi. H\u00e4n kunnioittaa yksil\u00f6n oikeutta yksityisel\u00e4m\u00e4\u00e4n, luottamuksellisuuteen ja itsem\u00e4\u00e4r\u00e4\u00e4miseen ja ty\u00f6skentelee siten, ettei h\u00e4nen osaamistaan k\u00e4ytet\u00e4 yksil\u00f6n loukkaamiseen, hyv\u00e4ksik\u00e4ytt\u00f6\u00f6n tai sortamiseen.<\/p><p style=\"text-align: left;\">Asiantuntija kunnioittaa asiakkaiden ja muiden asianosaisten tiet\u00e4myst\u00e4, n\u00e4kemyst\u00e4, kokemusta ja p\u00e4tevyytt\u00e4. H\u00e4n kunnioittaa kollegojensa ja muiden ammattiryhmien erityisp\u00e4tevyytt\u00e4, velvoitteita ja vastuuta.<\/p><p style=\"text-align: left;\"><strong>II SALASSAPITO JA VAITIOLOVELVOLLISUUS<\/strong><\/p><p style=\"text-align: left;\">Asiantuntijan tulee olla vaiti niist\u00e4 asioista, jotka h\u00e4nelle uskotaan luottamuksellisesti h\u00e4nen toimiessaan urheilupsykologian asiantuntijana, tai jotka h\u00e4n tuolloin muutoin saa tietoonsa. Vaitiolovelvollisuuden noudattamisesta voidaan poiketa, jos henkil\u00f6 sit\u00e4 itse pyyt\u00e4\u00e4. Tiedot annetaan t\u00e4ll\u00f6in suoraan sille, jonka henkil\u00f6 on nimennyt.<\/p><p style=\"text-align: left;\">Asiantuntija ei hanki asiakkaasta tietoja muilta ilman t\u00e4m\u00e4n suostumusta. T\u00e4ll\u00f6inkin h\u00e4n hankkii ainoastaan teht\u00e4v\u00e4n suorittamisen kannalta v\u00e4ltt\u00e4m\u00e4tt\u00f6mi\u00e4 tietoja. K\u00e4ytt\u00e4ess\u00e4\u00e4n asiakkaaseen liittyvi\u00e4 tietoja opetuksessa, julkaisuissa tai muissa julkisissa yhteyksiss\u00e4, asiantuntija varmistuu etuk\u00e4teen asianomaisen\/asianomaisten suostumuksesta ja huolehtii siit\u00e4, ett\u00e4 aineiston henkil\u00f6t eiv\u00e4t ole tunnistettavissa, ellei siit\u00e4 ole erikseen heid\u00e4n kanssaan sovittu.<\/p><p style=\"text-align: left;\">Kirjalliset dokumentit, nauhoitettu tai muu aineisto s\u00e4ilytet\u00e4\u00e4n siten, ettei asiattomien nyt tai vastaisuudessa ole mahdollista p\u00e4\u00e4st\u00e4 niihin k\u00e4siksi. \u00c4\u00e4ni- ja videotallenteen tekemiseen, samoin kuin valo\/elokuvaukseen vaaditaan aina asianomaisen suostumus. Aineiston esitt\u00e4miseen tai muuhun k\u00e4ytt\u00f6\u00f6n vaaditaan sen lis\u00e4ksi kirjallinen lupa, josta k\u00e4y ilmi, milloin, kenelle ja miss\u00e4 muodossa aineistoa saa esitt\u00e4\u00e4. Asiantuntija antaa tarvittaessa asiakkaalle ja toimeksiantajalle tietoja urheilupsykologian asiantuntijoiden salassapito- ja vaitiolovelvollisuutta koskevista eettisist\u00e4 suosituksista.<\/p><p style=\"text-align: left;\"><strong>III P\u00c4TEVYYS<\/strong><\/p><p style=\"text-align: left;\">Asiantuntija pyrkii kehitt\u00e4m\u00e4\u00e4n ammattip\u00e4tevyytt\u00e4\u00e4n ja s\u00e4ilytt\u00e4m\u00e4\u00e4n sen korkealla tasolla. H\u00e4n pyrkii tiedostamaan ammatilliset ja henkil\u00f6kohtaiset vahvuutensa ja heikkoutensa pysty\u00e4kseen arvioimaan realistisesti p\u00e4tevyytens\u00e4 ottaessaan hoitaakseen ty\u00f6teht\u00e4vi\u00e4. H\u00e4n ottaa vastaan vain sellaisia ty\u00f6teht\u00e4vi\u00e4, tarjoaa sellaisia palveluja ja k\u00e4ytt\u00e4\u00e4 sellaisia menetelmi\u00e4, joihin h\u00e4n on p\u00e4tev\u00e4 koulutuksensa ja kokemuksensa perusteella. H\u00e4n etsii vaikeissa tilanteissa ammatillista apua ja tukea.<\/p><p style=\"text-align: left;\">Asiantuntijan ty\u00f6skentelyn perustana on tiede ja ty\u00f6ss\u00e4 hankittu kokemus, ja h\u00e4n pyrkii jatkuvasti kehitt\u00e4m\u00e4\u00e4n ammattitaitoaan hankkimalla tietoa tieteellisest\u00e4 ja ammatillisesta kehityksest\u00e4.<\/p><p style=\"text-align: left;\">Vailla psykologin tai psykiatrin koulutusta olevan asiantuntijan tulee huolellisesti arvioida oma riitt\u00e4vyytens\u00e4 ja p\u00e4tevyytens\u00e4 ja siirt\u00e4\u00e4 urheilija n\u00e4ille asiantuntijoille, mik\u00e4li urheilijalla on psyykkisi\u00e4 ongelmia tai psykopatologiaan viittaavia oireita. Asiantuntijan tulee tarvittaessa etsi\u00e4 itselleen ohjausta. My\u00f6s psykologin ja psykiatrin tulee arvioida oma p\u00e4tevyytens\u00e4 ja tarvittaessa siirt\u00e4\u00e4 teht\u00e4v\u00e4 toiselle tai hankkia itselleen ohjausta.<\/p><p style=\"text-align: left;\"><strong>IV URHEILUPSYKOLOGISET MENETELM\u00c4T, TUTKIMUKSET JA PALAUTTEET<\/strong><\/p><p style=\"text-align: left;\">Urheilupsykologinen tutkimus l\u00e4htee ongelman muotoilusta sek\u00e4 tarkoituksenmukaisten menetelmien (haastattelu, testaus, havainnointi ym.) ja menettelytapojen valinnasta. Yleisluontoisia urheilupsykologisia arviointimenetelmi\u00e4 voivat k\u00e4ytt\u00e4\u00e4 kaikki asiantuntijat. T\u00e4m\u00e4 tarkoittaa menetelmi\u00e4, jotka ovat julkisia, yleisesti saatavilla olevia.<\/p><p style=\"text-align: left;\">Psykologin ammattip\u00e4tevyyden vaatimia testej\u00e4 voivat k\u00e4ytt\u00e4\u00e4 ainoastaan psykologit. N\u00e4it\u00e4 testej\u00e4 ovat kyky- ja lahjakkuus- sek\u00e4 persoonallisuustestit. Psykologi on tietoinen niist\u00e4 rajoituksista, jotka liittyv\u00e4t psykologisiin menetelmiin ja niist\u00e4 teht\u00e4viin johtop\u00e4\u00e4t\u00f6ksiin. Psykologi on erityisen varovainen k\u00e4ytt\u00e4ess\u00e4\u00e4n menetelmi\u00e4, apukeinoja ja tekniikoita, jotka ovat viel\u00e4 kokeiluasteella, jotka eiv\u00e4t t\u00e4yt\u00e4 tavanomaisia menetelmille asetettuja vaatimuksia tai joita h\u00e4n ei t\u00e4ysin hallitse. Asiantuntijan on kerrottava asiakkaalle, ett\u00e4 psykologisten testien tuloksista ei aina voida tehd\u00e4 suoria johtop\u00e4\u00e4t\u00f6ksi\u00e4 yksil\u00f6n suoriutumisesta urheilutilanteissa nyt tai tulevaisuudessa.<\/p><p style=\"text-align: left;\">Asiantuntijan tulee harkita, onko tarpeellista antaa tutkimustuloksista kirjallista lausuntoa. Jos se on tarpeen, on lausunnossa huomioitava salassapitovelvollisuus ja se, ett\u00e4 annetaan vain tutkimuksen kohteena olevan asian kannalta oleellista tietoa. Asiantuntija arvioi itse palautettaan, sen etuja ja rajoituksia sek\u00e4 tekee johtop\u00e4\u00e4t\u00f6kset j\u00e4tt\u00e4m\u00e4tt\u00e4 t\u00e4t\u00e4 vastaanottajan teht\u00e4v\u00e4ksi. Lausunnon tekemisen j\u00e4lkeen asiantuntija antaa tutkitulle asiakkaalle palautteen tutkimuksesta sek\u00e4 tiedot mahdollisen kirjallisen lausunnon sis\u00e4ll\u00f6st\u00e4.<\/p><p style=\"text-align: left;\">Jos asiantuntija k\u00e4ytt\u00e4\u00e4 tietokoneelle ohjelmoitua tutkimusmetodiikkaa ja testin tulkintaa, h\u00e4nen on varmistuttava ohjelman luotettavuudesta sek\u00e4 tulkintamenettelyjen oikeellisuudesta.<\/p><p style=\"text-align: left;\"><strong>V JULKINEN ESIINTYMINEN<\/strong><\/p><p style=\"text-align: left;\">Asiantuntijan on pyritt\u00e4v\u00e4 asiallisuuteen ja tarkkuuteen antaessaan lausuntoja ammattiroolissaan. Pyydett\u00e4ess\u00e4 kommentoimaan julkisuuden henkil\u00f6\u00e4 (esimerkiksi joukkotiedotusv\u00e4lineiss\u00e4), asiantuntija tekee selv\u00e4ksi, ett\u00e4 puhuu ilmi\u00f6st\u00e4 tai antaa neuvoja vain yleisess\u00e4 muodossa. Asiantuntija v\u00e4ltt\u00e4\u00e4 antamasta tietopohjaisille lausunnoille henkil\u00f6kohtaisen mainonnan luonnetta. Ilmoittelu ei saa sis\u00e4lt\u00e4\u00e4 lupauksia ep\u00e4realistisista tuloksista.<\/p><p style=\"text-align: left;\"><strong>VI AMMATILLISET SUHTEET<\/strong><\/p><p style=\"text-align: left;\">Asiantuntija kunnioittaa kollegoiden p\u00e4tevyytt\u00e4, velvollisuuksia ja vastuuta. H\u00e4n arvioi tarpeensa k\u00e4ytt\u00e4\u00e4 tarvittaessa kollegoiden tai toisten ammattiryhmien erityisosaamista ja resursseja. Asiantuntija pid\u00e4ttyy kollegoiden ja heid\u00e4n ty\u00f6ns\u00e4 ep\u00e4asiallisesta arvioinnista, mutta asiallinen kritiikki on tuotava esiin. Asiantuntija, joka huomaa kollegan toimivan eettisten suositusten vastaisesti, keskustelee asiasta ko. kollegan kanssa ennen kuin ilmoittaa siit\u00e4 Suomen urheilupsykologiselle yhdistykselle.<\/p><p style=\"text-align: left;\">Asiantuntija k\u00e4ytt\u00e4\u00e4 vain sellaista ammattinimikett\u00e4, mihin h\u00e4nen koulutuksensa, laillistamisensa, sertifiointinsa tai toimensa oikeuttavat. Asiantuntija pit\u00e4\u00e4 itse huolta siit\u00e4, ettei k\u00e4yt\u00e4 tai h\u00e4nest\u00e4 k\u00e4ytet\u00e4 ilman psykologin p\u00e4tevyytt\u00e4 urheilupsykologin ammattinimikett\u00e4. My\u00f6s psykologin tulee tarkoin harkita, voiko h\u00e4n k\u00e4ytt\u00e4\u00e4 itsest\u00e4\u00e4n urheilupsykologin nimikett\u00e4.<\/p><p style=\"text-align: left;\"><strong>VII TUTKIMUS<\/strong><\/p><p style=\"text-align: left;\">Asiantuntijalla on vastuu siit\u00e4, ett\u00e4 h\u00e4nen tieteellinen ty\u00f6ns\u00e4 t\u00e4ytt\u00e4\u00e4 ns. hyv\u00e4n tieteellisen k\u00e4yt\u00e4nn\u00f6n vaatimukset.<\/p><p style=\"text-align: left;\"><em>Suomen urheilupsykologinen yhdistys SUPY ry. hyv\u00e4ksynyt 6.9.2018<\/em><\/p>\t\t\t\t\t\t\t\t<\/div>\n\t\t\t\t<\/div>\n\t\t\t\t\t<\/div>\n\t\t<\/div>\n\t\t\t\t\t<\/div>\n\t\t<\/section>\n\t\t\t\t<\/div>\n\t\t","protected":false},"excerpt":{"rendered":"<p>\u00a0 SUPY &#8211; AMMATTIEETTISET SUOSITUKSET \u00a0 Suomen urheilupsykologisen yhdistyksen SUPY ry:n ammattieettiset suositukset N\u00e4m\u00e4 eettiset suositukset on laadittu ohjeeksi ja apuv\u00e4lineeksi urheilupsykologisena asiantuntijana toimittaessa. Urheilupsykologian asiantuntija k\u00e4ytt\u00e4\u00e4 urheilupsykologista tietoa asiakasty\u00f6ss\u00e4\u00e4n yksil\u00f6iden, ryhmien ja organisaatioiden kanssa sek\u00e4 toimiessaan kouluttajana, tutkijana ja tiedonv\u00e4litt\u00e4j\u00e4n\u00e4. Kaikissa urheilupsykologian asiantuntijan ty\u00f6h\u00f6n liittyviss\u00e4 tilanteissa luottamuksellisuuden s\u00e4ilytt\u00e4minen ja eettinen tietoisuus ovat t\u00e4rkeit\u00e4. Asiantuntija [&hellip;]<\/p>\n","protected":false},"author":1,"featured_media":0,"parent":78,"menu_order":0,"comment_status":"closed","ping_status":"closed","template":"","meta":{"ocean_post_layout":"full-width","ocean_both_sidebars_style":"","ocean_both_sidebars_content_width":0,"ocean_both_sidebars_sidebars_width":0,"ocean_sidebar":"0","ocean_second_sidebar":"0","ocean_disable_margins":"enable","ocean_add_body_class":"","ocean_shortcode_before_top_bar":"","ocean_shortcode_after_top_bar":"","ocean_shortcode_before_header":"","ocean_shortcode_after_header":"","ocean_has_shortcode":"","ocean_shortcode_after_title":"","ocean_shortcode_before_footer_widgets":"","ocean_shortcode_after_footer_widgets":"","ocean_shortcode_before_footer_bottom":"","ocean_shortcode_after_footer_bottom":"","ocean_display_top_bar":"default","ocean_display_header":"default","ocean_header_style":"","ocean_center_header_left_menu":"0","ocean_custom_header_template":"0","ocean_custom_logo":0,"ocean_custom_retina_logo":0,"ocean_custom_logo_max_width":0,"ocean_custom_logo_tablet_max_width":0,"ocean_custom_logo_mobile_max_width":0,"ocean_custom_logo_max_height":0,"ocean_custom_logo_tablet_max_height":0,"ocean_custom_logo_mobile_max_height":0,"ocean_header_custom_menu":"0","ocean_menu_typo_font_family":"0","ocean_menu_typo_font_subset":"","ocean_menu_typo_font_size":0,"ocean_menu_typo_font_size_tablet":0,"ocean_menu_typo_font_size_mobile":0,"ocean_menu_typo_font_size_unit":"px","ocean_menu_typo_font_weight":"","ocean_menu_typo_font_weight_tablet":"","ocean_menu_typo_font_weight_mobile":"","ocean_menu_typo_transform":"","ocean_menu_typo_transform_tablet":"","ocean_menu_typo_transform_mobile":"","ocean_menu_typo_line_height":0,"ocean_menu_typo_line_height_tablet":0,"ocean_menu_typo_line_height_mobile":0,"ocean_menu_typo_line_height_unit":"","ocean_menu_typo_spacing":0,"ocean_menu_typo_spacing_tablet":0,"ocean_menu_typo_spacing_mobile":0,"ocean_menu_typo_spacing_unit":"","ocean_menu_link_color":"","ocean_menu_link_color_hover":"","ocean_menu_link_color_active":"","ocean_menu_link_background":"","ocean_menu_link_hover_background":"","ocean_menu_link_active_background":"","ocean_menu_social_links_bg":"","ocean_menu_social_hover_links_bg":"","ocean_menu_social_links_color":"","ocean_menu_social_hover_links_color":"","ocean_disable_title":"default","ocean_disable_heading":"default","ocean_post_title":"","ocean_post_subheading":"","ocean_post_title_style":"","ocean_post_title_background_color":"","ocean_post_title_background":0,"ocean_post_title_bg_image_position":"","ocean_post_title_bg_image_attachment":"","ocean_post_title_bg_image_repeat":"","ocean_post_title_bg_image_size":"","ocean_post_title_height":0,"ocean_post_title_bg_overlay":0.5,"ocean_post_title_bg_overlay_color":"","ocean_disable_breadcrumbs":"default","ocean_breadcrumbs_color":"","ocean_breadcrumbs_separator_color":"","ocean_breadcrumbs_links_color":"","ocean_breadcrumbs_links_hover_color":"","ocean_display_footer_widgets":"default","ocean_display_footer_bottom":"default","ocean_custom_footer_template":"0","footnotes":""},"class_list":["post-99","page","type-page","status-publish","hentry","entry"],"_links":{"self":[{"href":"http:\/\/supy.org\/wordpress_9\/wp-json\/wp\/v2\/pages\/99","targetHints":{"allow":["GET"]}}],"collection":[{"href":"http:\/\/supy.org\/wordpress_9\/wp-json\/wp\/v2\/pages"}],"about":[{"href":"http:\/\/supy.org\/wordpress_9\/wp-json\/wp\/v2\/types\/page"}],"author":[{"embeddable":true,"href":"http:\/\/supy.org\/wordpress_9\/wp-json\/wp\/v2\/users\/1"}],"replies":[{"embeddable":true,"href":"http:\/\/supy.org\/wordpress_9\/wp-json\/wp\/v2\/comments?post=99"}],"version-history":[{"count":8,"href":"http:\/\/supy.org\/wordpress_9\/wp-json\/wp\/v2\/pages\/99\/revisions"}],"predecessor-version":[{"id":2107,"href":"http:\/\/supy.org\/wordpress_9\/wp-json\/wp\/v2\/pages\/99\/revisions\/2107"}],"up":[{"embeddable":true,"href":"http:\/\/supy.org\/wordpress_9\/wp-json\/wp\/v2\/pages\/78"}],"wp:attachment":[{"href":"http:\/\/supy.org\/wordpress_9\/wp-json\/wp\/v2\/media?parent=99"}],"curies":[{"name":"wp","href":"https:\/\/api.w.org\/{rel}","templated":true}]}}