{"id":94,"date":"2017-03-07T14:42:09","date_gmt":"2017-03-07T14:42:09","guid":{"rendered":"http:\/\/supy.org\/wordpress_9\/?page_id=94"},"modified":"2020-05-19T14:37:11","modified_gmt":"2020-05-19T14:37:11","slug":"yhdistyksen-saannot","status":"publish","type":"page","link":"http:\/\/supy.org\/wordpress_9\/fi\/yhdistys\/yhdistyksen-saannot\/","title":{"rendered":"S\u00e4\u00e4nn\u00f6t"},"content":{"rendered":"<p>\u00a0<\/p>\n<p style=\"text-align: left;\">S\u00e4\u00e4nn\u00f6t <a href=\"http:\/\/supy.org\/wordpress_9\/wp-content\/uploads\/2020\/05\/SUPY-s\u00e4\u00e4nn\u00f6t.pdf\">pdf-tiedostona<\/a><\/p>\n<p>SUOMEN URHEILUPSYKOLOGISEN YHDISTYKSEN S\u00c4\u00c4NN\u00d6T<\/p>\n<p>\u00a0<\/p>\n<p><strong>I Yhdistyksen nimi ja kotipaikka<\/strong><\/p>\n<p>Yhdistyksen nimi on Suomen urheilupsykologinen yhdistys ry, ruotsiksi Finsk Idrottspsykologisk F\u00f6rening rf. Ep\u00e4virallinen nimi englanniksi on Finnish Association of Sport Psychology. Yhdistyksen kotipaikka on Helsinki.<\/p>\n<p>\u00a0<\/p>\n<p><strong>II Tarkoitus ja toiminnan laatu<\/strong><\/p>\n<p>Yhdistyksen tarkoituksena on \u2013 edist\u00e4\u00e4 urheilupsykologista asiantuntemusta toimimalla yhteiselimen\u00e4 alalla toimiville henkil\u00f6ille ja yhteis\u00f6ille \u2013 tukea ja kehitt\u00e4\u00e4 sellaista toimintaa, jonka tarkoituksena on tarjota urheilupsykologisia palveluja urheilijoille ja liikunnanharrastajille, heid\u00e4n valmentajilleen ja ohjaajilleen sek\u00e4 alan yhteis\u00f6ille \u2013 pit\u00e4\u00e4 yll\u00e4 kontakteja vastaaviin kansainv\u00e4lisiin yhdistyksiin ja toimia aktiivisesti kansainv\u00e4lisen yhteisty\u00f6n lis\u00e4\u00e4miseksi ja yll\u00e4pit\u00e4miseksi \u2013 toimia yhteisty\u00f6ss\u00e4 niiden koti- ja ulkomaisten yhdistysten ja yhteis\u00f6jen kanssa, jotka toimivat liikunnan ja urheilun kehitt\u00e4miseksi \u2013 vaikuttaa urheilupsykologisen tutkimuksen, osaamisen ja tietouden levi\u00e4miseen. Tarkoitustaan yhdistys toteuttaa \u2013 harjoittamalla koulutus-, tiedotus- ja julkaisutoimintaa \u2013 j\u00e4rjest\u00e4m\u00e4ll\u00e4 tilaisuuksia yhteistoiminnan lis\u00e4\u00e4miseksi liikunnan ja urheilun alueella \u2013 seuraamalla urheilupsykologista tutkimusta ja tiedottamalla tutkimustuloksista \u2013 olemalla tiiviiss\u00e4 yhteisty\u00f6ss\u00e4 Euroopan urheilupsykologisen yhdistyksen (FEPSAC) ja muiden liikunnan ja urheilun alueella toimivien koti- ja ulkomaisten yhdistysten ja yhteis\u00f6jen kanssa \u2013 j\u00e4rjest\u00e4m\u00e4ll\u00e4 urheilupsykologiaan liittyvi\u00e4 kokouksia ja konferensseja.<\/p>\n<p>\u00a0<\/p>\n<p><strong>III J\u00e4senet<\/strong><\/p>\n<ul>\n<li>J\u00e4seneksi hallitus voi hyv\u00e4ksy\u00e4 henkil\u00f6n, joka osoittaa kiinnostuneisuuden, aktiivisuuden ja harrastuneisuuden urheilupsykologian alalla (mm. ty\u00f6teht\u00e4v\u00e4t, opinnot ja oma aktiivisuus liikunnan ja urheilun parissa).<\/li>\n<li>Ammattilaisj\u00e4seneksi hallitus voi hyv\u00e4ksy\u00e4 liikunta-, sosiaali- terveys- ja k\u00e4ytt\u00e4ytymistieteiss\u00e4\n<ol>\n<li>Alemman korkeakoulututkinnon suorittaneen henkil\u00f6n, jolla on v\u00e4hint\u00e4\u00e4n 15 opintopisteen (tai vastaava oppim\u00e4\u00e4r\u00e4) liikunta ja\/tai urheilupsykologian opintoja (AMK-taso, YO-taso tai sertifioidun urheilupsykologian asiantuntijan j\u00e4rjest\u00e4m\u00e4 vastaavan tasoinen koulutus, joko tutkintoon sis\u00e4ltyen tai lis\u00e4opintoina.<\/li>\n<li>Ylemm\u00e4n korkeakoulututkinnon suorittaneen henkil\u00f6n, jolla on v\u00e4hint\u00e4\u00e4n 10 opintopisteen (tai vastaava oppim\u00e4\u00e4r\u00e4) verran liikunta- ja \/tai urheilupsykologian opintoja (AMK-taso, YO-taso tai sertifioidun urheilupsykologian asiantuntijan j\u00e4rjest\u00e4m\u00e4 vastaavan tasoinen koulutus,<\/li>\n<li>Urheilu- ja liikuntapsykologin tai urheilun psyykkisen valmennuksen ja liikunta-aktiivisuuden edist\u00e4misen sertifikaatin haltija\u00a0<span style=\"font-size: inherit;\">joko tutkintoon sis\u00e4ltyen tai sen lis\u00e4opintoina. J\u00e4seneksi ja ammattilaisj\u00e4seneksi haetaan henkil\u00f6kohtaisella anomuksella.<\/span><\/li>\n<\/ol>\n<\/li>\n<li>Kunniaj\u00e4seneksi voidaan hallituksen esityksest\u00e4 yhdistyksen kokouksessa valita henkil\u00f6, joka on erityisesti edist\u00e4nyt yhdistyksen toimintaa. Kunniaj\u00e4senen arvo on elinik\u00e4inen. Kunniapuheenjohtajaksi voidaan hallituksen esityksest\u00e4 yhdistyksen kokouksessa kutsua yhdistyksen puheenjohtajana ansiokkaasti toiminut henkil\u00f6. Kunniapuheenjohtajan arvo on elinik\u00e4inen.<\/li>\n<\/ul>\n<p>\u00a0<\/p>\n<p><strong>IV J\u00e4senen eroaminen ja erottaminen<\/strong><\/p>\n<p>J\u00e4senell\u00e4 on oikeus erota yhdistyksest\u00e4 ilmoittamalla siit\u00e4 kirjallisesti hallitukselle tai sen puheenjohtajalle taikka ilmoittamalla erosta suullisesti yhdistyksen kokouksessa merkitt\u00e4v\u00e4ksi p\u00f6yt\u00e4kirjaan. Ero katsotaan tapahtuneeksi heti kun ilmoitus on tehty, mutta eroava on velvollinen suorittamaan maksunsa sek\u00e4 muut n\u00e4iden edellytt\u00e4m\u00e4t velvoitteet kuluvan kalenterivuoden loppuun menness\u00e4. Hallitus voi erottaa yhdistyksest\u00e4 j\u00e4senen, joka \u2013 laiminly\u00f6 j\u00e4senmaksunsa suorittamisen tai \u2013 toimii yhdistyksen tarkoitusperien vastaisesti. Ennen erottamisp\u00e4\u00e4t\u00f6ksen tekemist\u00e4 asianomaiselle j\u00e4senelle varataan mahdollisuus selityksen antamiseen asiassa, paitsi milloin erottamisen syyn\u00e4 on j\u00e4senmaksun maksamatta j\u00e4tt\u00e4minen. Erotetulla ei ole oikeutta vaatia takaisin yhdistykselle suorittamiaan maksuja.<\/p>\n<p>\u00a0<\/p>\n<p><strong>V Liittymis- ja j\u00e4senmaksut<\/strong><\/p>\n<p>J\u00e4senilt\u00e4 kannettavien liittymis- ja j\u00e4senmaksujen suuruudesta p\u00e4\u00e4tt\u00e4\u00e4 vuosittain yhdistyksen vuosikokous. Kunniapuheenjohtajat ja kunniaj\u00e4senet eiv\u00e4t suorita j\u00e4senmaksuja.<\/p>\n<p>\u00a0<\/p>\n<p><strong>VI Hallitus\u00a0<\/strong><\/p>\n<p>Yhdistyksen asioita hoitaa hallitus, johon kuuluu vuosikokouksessa valitut puheenjohtaja ja kuusi-yhdeks\u00e4n muuta hallituksen j\u00e4sent\u00e4. Hallituksessa on oltava v\u00e4hint\u00e4\u00e4n 2\/3 enemmist\u00f6 yhdistyksen ammattilaisj\u00e4seni\u00e4.\u00a0 Hallituksen toimikausi on vuosikokousten v\u00e4linen aika. Hallitus ottaa keskuudestaan varapuheenjohtajan ja joko keskuudestaan tai ulkopuoleltaan sihteerin, rahastonhoitajan ja muut tarvittavat toimihenkil\u00f6t. Hallitus kokoontuu puheenjohtajan tai h\u00e4nen estyneen\u00e4 ollessaan varapuheenjohtajan kutsusta, kun he katsovat siihen olevan aihetta tai kun v\u00e4hint\u00e4\u00e4n puolet hallituksen j\u00e4senist\u00e4 sit\u00e4 vaatii. Hallitus on p\u00e4\u00e4t\u00f6svaltainen, kun v\u00e4hint\u00e4\u00e4n puolet sen j\u00e4senist\u00e4, puheenjohtaja tai varapuheenjohtaja mukaanluettuna on l\u00e4sn\u00e4. \u00c4\u00e4nestykset ratkaistaan ehdottomalla \u00e4\u00e4ntenenemmist\u00f6ll\u00e4. \u00c4\u00e4nten menness\u00e4 tasan ratkaisee puheenjohtajan \u00e4\u00e4ni, vaaleissa kuitenkin arpa.<\/p>\n<p>\u00a0<\/p>\n<p><strong>VII Yhdistyksen nimen kirjoittaminen<\/strong><\/p>\n<p>Yhdistyksen nimen kirjoittaa puheenjohtaja, varapuheenjohtaja tai sihteeri.<\/p>\n<p>\u00a0<\/p>\n<p><strong>VII Tilikausi ja tilintarkastus<\/strong><\/p>\n<p>Yhdistyksen tilikausi on kalenterivuosi. Tilinp\u00e4\u00e4t\u00f6s tarvittavine asiakirjoineen ja hallituksen vuosikertomus on annettava toiminnantarkastajille\/tilintarkastajille viimeist\u00e4\u00e4n kuukautta ennen vuosikokousta. Toiminnantarkastajien\/tilintarkastajien tulee antaa kirjallinen lausuntonsa hallitukselle viimeist\u00e4\u00e4n kaksi viikkoa ennen vuosikokousta.<\/p>\n<p>\u00a0<\/p>\n<p><strong>IX Yhdistyksen kokoukset<\/strong><\/p>\n<p>Yhdistyksen kokoukseen voidaan osallistua hallituksen tai yhdistyksen kokouksen niin p\u00e4\u00e4tt\u00e4ess\u00e4 my\u00f6s postitse taikka tietoliikenneyhteyden tai muun teknisen apuv\u00e4lineen avulla kokouksen aikana tai ennen kokousta. Yhdistyksen vuosikokous pidet\u00e4\u00e4n vuosittain hallituksen m\u00e4\u00e4r\u00e4\u00e4m\u00e4n\u00e4 p\u00e4iv\u00e4n\u00e4 helmihuhtikuussa. Ylim\u00e4\u00e4r\u00e4inen kokous pidet\u00e4\u00e4n, kun yhdistyksen kokous niin p\u00e4\u00e4tt\u00e4\u00e4 tai kun hallitus katsoo siihen olevan aihetta tai kun v\u00e4hint\u00e4\u00e4n kymmenesosa (1\/10) yhdistyksen \u00e4\u00e4nioikeutetuista j\u00e4senist\u00e4 sit\u00e4 hallitukselta erityisesti ilmoitettua asiaa varten kirjallisesti vaatii. Kokous on pidett\u00e4v\u00e4 kolmenkymmenen vuorokauden kuluessa siit\u00e4, kun vaatimus sen pit\u00e4misest\u00e4 on esitetty hallitukselle. Yhdistyksen kokouksissa on yksi \u00e4\u00e4ni jokaisella j\u00e4senell\u00e4, ammattilaisj\u00e4senell\u00e4 sek\u00e4 kunniaj\u00e4senell\u00e4, joka on kokoukseen menness\u00e4 maksanut j\u00e4senmaksunsa. Kaikilla j\u00e4senill\u00e4 on kokouksessa l\u00e4sn\u00e4olo- ja puheoikeus. Yhdistyksen kokouksen p\u00e4\u00e4t\u00f6kseksi tulee se mielipide, jota on kannattanut yli puolet annetuista \u00e4\u00e4nist\u00e4. \u00c4\u00e4nten menness\u00e4 tasan ratkaisee kokouksen puheenjohtajan \u00e4\u00e4ni, vaaleissa kuitenkin arpa.<\/p>\n<p>\u00a0<\/p>\n<p><strong>X Yhdistyksen kokousten koollekutsuminen<\/strong><\/p>\n<p>Hallituksen on kutsuttava yhdistyksen kokoukset koolle v\u00e4hint\u00e4\u00e4n seitsem\u00e4n vuorokautta ennen kokousta j\u00e4senille postitetuilla kirjeill\u00e4, ilmoituksella yhdistyksen j\u00e4senlehdess\u00e4 tai s\u00e4hk\u00f6postitse.<\/p>\n<p>\u00a0<\/p>\n<p><strong>XI Vuosikokous<\/strong><\/p>\n<p>Yhdistyksen vuosikokouksessa k\u00e4sitell\u00e4\u00e4n seuraavat asiat:<\/p>\n<ol>\n<li>kokouksen avaus<\/li>\n<li>valitaan kokouksen puheenjohtaja, sihteeri, kaksi p\u00f6yt\u00e4kirjantarkastajaa ja tarvittaessa kaksi \u00e4\u00e4ntenlaskijaa<\/li>\n<li>todetaan kokouksen laillisuus ja p\u00e4\u00e4t\u00f6svaltaisuus<\/li>\n<li>hyv\u00e4ksyt\u00e4\u00e4n kokouksen ty\u00f6j\u00e4rjestys<\/li>\n<li>esitet\u00e4\u00e4n tilinp\u00e4\u00e4t\u00f6s, vuosikertomus ja toiminnantarkastajien\/tilintarkastajien lausunto<\/li>\n<li>p\u00e4\u00e4tet\u00e4\u00e4n tilinp\u00e4\u00e4t\u00f6ksen vahvistamisesta ja vastuuvapauden my\u00f6nt\u00e4misest\u00e4 hallitukselle ja muille vastuuvelvollisille<\/li>\n<li>vahvistetaan toimintasuunnitelma, tulo- ja menoarvio sek\u00e4 liittymis- ja j\u00e4senmaksujen suuruudet<\/li>\n<li>valitaan hallituksen puheenjohtaja<\/li>\n<li>valitaan muut hallituksen j\u00e4senet<\/li>\n<li>valitaan yksi tai kaksi toiminnantarkastajaa ja varatoiminnantarkastajaa taikka yksi tai kaksi tilintarkastajaa ja varatilintarkastajaa<\/li>\n<li>k\u00e4sitell\u00e4\u00e4n muut kokouskutsussa mainitut asiat. Hallituksen puheenjohtaja valitaan kahdeksi toimintavuodeksi. Hallituksen j\u00e4senet valitaan kahdeksi toimintavuodeksi. Mik\u00e4li yhdistyksen j\u00e4sen haluaa saada jonkin asian yhdistyksen vuosikokouksen k\u00e4sitelt\u00e4v\u00e4ksi, h\u00e4nen on ilmoitettava siit\u00e4 kirjallisesti hallitukselle niin hyviss\u00e4 ajoin, ett\u00e4 asia voidaan sis\u00e4llytt\u00e4\u00e4 kokouskutsuun.<\/li>\n<li>S\u00e4\u00e4nt\u00f6jen muuttaminen ja yhdistyksen purkaminen<\/li>\n<\/ol>\n<p>\u00a0<\/p>\n<p>P\u00e4\u00e4t\u00f6s s\u00e4\u00e4nt\u00f6jen muuttamisesta ja yhdistyksen purkamisesta on teht\u00e4v\u00e4 yhdistyksen kokouksessa v\u00e4hint\u00e4\u00e4n kolmen nelj\u00e4sosan (3\/4) enemmist\u00f6ll\u00e4 annetuista \u00e4\u00e4nist\u00e4. Kokouskutsussa on mainittava s\u00e4\u00e4nt\u00f6jen muuttamisesta tai yhdistyksen purkamisesta. Yhdistyksen purkautuessa k\u00e4ytet\u00e4\u00e4n yhdistyksen varat yhdistyksen tarkoituksen edist\u00e4miseen purkamisesta p\u00e4\u00e4tt\u00e4v\u00e4n kokouksen m\u00e4\u00e4r\u00e4\u00e4m\u00e4ll\u00e4 tavalla. Yhdistyksen tullessa lakkautetuksi k\u00e4ytet\u00e4\u00e4n sen varat samaan tarkoitukseen.<\/p>\n\n\n<p><\/p>\n","protected":false},"excerpt":{"rendered":"<p>\u00a0 S\u00e4\u00e4nn\u00f6t pdf-tiedostona SUOMEN URHEILUPSYKOLOGISEN YHDISTYKSEN S\u00c4\u00c4NN\u00d6T \u00a0 I Yhdistyksen nimi ja kotipaikka Yhdistyksen nimi on Suomen urheilupsykologinen yhdistys ry, ruotsiksi Finsk Idrottspsykologisk F\u00f6rening rf. Ep\u00e4virallinen nimi englanniksi on Finnish Association of Sport Psychology. Yhdistyksen kotipaikka on Helsinki. \u00a0 II Tarkoitus ja toiminnan laatu Yhdistyksen tarkoituksena on \u2013 edist\u00e4\u00e4 urheilupsykologista asiantuntemusta toimimalla yhteiselimen\u00e4 alalla toimiville [&hellip;]<\/p>\n","protected":false},"author":3,"featured_media":0,"parent":78,"menu_order":0,"comment_status":"closed","ping_status":"closed","template":"","meta":{"ocean_post_layout":"full-width","ocean_both_sidebars_style":"","ocean_both_sidebars_content_width":0,"ocean_both_sidebars_sidebars_width":0,"ocean_sidebar":"0","ocean_second_sidebar":"0","ocean_disable_margins":"enable","ocean_add_body_class":"","ocean_shortcode_before_top_bar":"","ocean_shortcode_after_top_bar":"","ocean_shortcode_before_header":"","ocean_shortcode_after_header":"","ocean_has_shortcode":"","ocean_shortcode_after_title":"","ocean_shortcode_before_footer_widgets":"","ocean_shortcode_after_footer_widgets":"","ocean_shortcode_before_footer_bottom":"","ocean_shortcode_after_footer_bottom":"","ocean_display_top_bar":"default","ocean_display_header":"default","ocean_header_style":"","ocean_center_header_left_menu":"0","ocean_custom_header_template":"0","ocean_custom_logo":0,"ocean_custom_retina_logo":0,"ocean_custom_logo_max_width":0,"ocean_custom_logo_tablet_max_width":0,"ocean_custom_logo_mobile_max_width":0,"ocean_custom_logo_max_height":0,"ocean_custom_logo_tablet_max_height":0,"ocean_custom_logo_mobile_max_height":0,"ocean_header_custom_menu":"0","ocean_menu_typo_font_family":"0","ocean_menu_typo_font_subset":"","ocean_menu_typo_font_size":0,"ocean_menu_typo_font_size_tablet":0,"ocean_menu_typo_font_size_mobile":0,"ocean_menu_typo_font_size_unit":"px","ocean_menu_typo_font_weight":"","ocean_menu_typo_font_weight_tablet":"","ocean_menu_typo_font_weight_mobile":"","ocean_menu_typo_transform":"","ocean_menu_typo_transform_tablet":"","ocean_menu_typo_transform_mobile":"","ocean_menu_typo_line_height":0,"ocean_menu_typo_line_height_tablet":0,"ocean_menu_typo_line_height_mobile":0,"ocean_menu_typo_line_height_unit":"","ocean_menu_typo_spacing":0,"ocean_menu_typo_spacing_tablet":0,"ocean_menu_typo_spacing_mobile":0,"ocean_menu_typo_spacing_unit":"","ocean_menu_link_color":"","ocean_menu_link_color_hover":"","ocean_menu_link_color_active":"","ocean_menu_link_background":"","ocean_menu_link_hover_background":"","ocean_menu_link_active_background":"","ocean_menu_social_links_bg":"","ocean_menu_social_hover_links_bg":"","ocean_menu_social_links_color":"","ocean_menu_social_hover_links_color":"","ocean_disable_title":"default","ocean_disable_heading":"default","ocean_post_title":"","ocean_post_subheading":"","ocean_post_title_style":"","ocean_post_title_background_color":"","ocean_post_title_background":0,"ocean_post_title_bg_image_position":"","ocean_post_title_bg_image_attachment":"","ocean_post_title_bg_image_repeat":"","ocean_post_title_bg_image_size":"","ocean_post_title_height":0,"ocean_post_title_bg_overlay":0.5,"ocean_post_title_bg_overlay_color":"","ocean_disable_breadcrumbs":"default","ocean_breadcrumbs_color":"","ocean_breadcrumbs_separator_color":"","ocean_breadcrumbs_links_color":"","ocean_breadcrumbs_links_hover_color":"","ocean_display_footer_widgets":"default","ocean_display_footer_bottom":"default","ocean_custom_footer_template":"0","footnotes":""},"class_list":["post-94","page","type-page","status-publish","hentry","entry"],"_links":{"self":[{"href":"http:\/\/supy.org\/wordpress_9\/wp-json\/wp\/v2\/pages\/94","targetHints":{"allow":["GET"]}}],"collection":[{"href":"http:\/\/supy.org\/wordpress_9\/wp-json\/wp\/v2\/pages"}],"about":[{"href":"http:\/\/supy.org\/wordpress_9\/wp-json\/wp\/v2\/types\/page"}],"author":[{"embeddable":true,"href":"http:\/\/supy.org\/wordpress_9\/wp-json\/wp\/v2\/users\/3"}],"replies":[{"embeddable":true,"href":"http:\/\/supy.org\/wordpress_9\/wp-json\/wp\/v2\/comments?post=94"}],"version-history":[{"count":5,"href":"http:\/\/supy.org\/wordpress_9\/wp-json\/wp\/v2\/pages\/94\/revisions"}],"predecessor-version":[{"id":1053,"href":"http:\/\/supy.org\/wordpress_9\/wp-json\/wp\/v2\/pages\/94\/revisions\/1053"}],"up":[{"embeddable":true,"href":"http:\/\/supy.org\/wordpress_9\/wp-json\/wp\/v2\/pages\/78"}],"wp:attachment":[{"href":"http:\/\/supy.org\/wordpress_9\/wp-json\/wp\/v2\/media?parent=94"}],"curies":[{"name":"wp","href":"https:\/\/api.w.org\/{rel}","templated":true}]}}