{"id":83,"date":"2017-03-07T14:09:56","date_gmt":"2017-03-07T14:09:56","guid":{"rendered":"http:\/\/supy.org\/wordpress_9\/?page_id=83"},"modified":"2025-04-25T08:43:49","modified_gmt":"2025-04-25T08:43:49","slug":"hallitus","status":"publish","type":"page","link":"http:\/\/supy.org\/wordpress_9\/fi\/yhdistys\/hallitus\/","title":{"rendered":"Hallitus"},"content":{"rendered":"\t\t<div data-elementor-type=\"wp-page\" data-elementor-id=\"83\" class=\"elementor elementor-83\">\n\t\t\t\t\t\t<section class=\"elementor-section elementor-top-section elementor-element elementor-element-5f3675c6 elementor-section-boxed elementor-section-height-default elementor-section-height-default\" data-id=\"5f3675c6\" data-element_type=\"section\">\n\t\t\t\t\t\t<div class=\"elementor-container elementor-column-gap-default\">\n\t\t\t\t\t<div class=\"elementor-column elementor-col-100 elementor-top-column elementor-element elementor-element-37e5ed33\" data-id=\"37e5ed33\" data-element_type=\"column\">\n\t\t\t<div class=\"elementor-widget-wrap elementor-element-populated\">\n\t\t\t\t\t\t<div class=\"elementor-element elementor-element-619f2431 elementor-widget elementor-widget-text-editor\" data-id=\"619f2431\" data-element_type=\"widget\" data-widget_type=\"text-editor.default\">\n\t\t\t\t<div class=\"elementor-widget-container\">\n\t\t\t\t\t\t\t\t\t<h3>\u00a0<\/h3><p><!--<\/p>\n<tr>\n<td>J\u00e4sen<\/td>\n<td>Matti Jaakkola<\/td>\n<td>matti.jaakkola@supy.org<\/td>\n<td>+358 40 747 0125<\/td>\n<\/tr>\n<p>--><\/p><p><strong>Yhteydenotot ensisijaisesti s\u00e4hk\u00f6postilla: supy.ry@gmail.com<\/strong><\/p><table bgcolor=\"#fff\"><tbody><!--<\/p>\n<tr style=\"background-color: #dddddd;\">--><tr style=\"background-color: #1fa8e2;\"><td><span style=\"color: #ffffff;\"><strong>TEHT\u00c4V\u00c4<\/strong><\/span><\/td><td><span style=\"color: #ffffff;\"><strong>NIMI<\/strong><\/span><\/td><td><span style=\"color: #ffffff;\"><strong>S\u00c4HK\u00d6POSTI<\/strong><\/span><\/td><td><span style=\"color: #ffffff;\"><strong>PUH.<\/strong><\/span><\/td><\/tr><tr><td>Puheenjohtaja<\/td><td>Laura Andelin<\/td><td>\u00a0<\/td><td>\u00a0<\/td><\/tr><tr><td>Varapuheenjohtaja<\/td><td>Reko Luojum\u00e4ki<\/td><td>\u00a0<\/td><td>\u00a0<\/td><\/tr><tr><td>Sihteeri<\/td><td>Janica J\u00e4rvenp\u00e4\u00e4<\/td><td>\u00a0<\/td><td>\u00a0<\/td><\/tr><tr><td>J\u00e4sen<\/td><td>Paula Thesleff<\/td><td>\u00a0<\/td><td>\u00a0<\/td><\/tr><tr><td>J\u00e4sen<\/td><td>Markus Arvaja<\/td><td>\u00a0<\/td><td>\u00a0<\/td><\/tr><tr><td>J\u00e4sen<\/td><td>Montse Ruiz<\/td><td>\u00a0<\/td><td>\u00a0<\/td><\/tr><tr><td>J\u00e4sen<\/td><td>Tatja Holm<\/td><td>\u00a0<\/td><td>\u00a0<\/td><\/tr><tr><td>J\u00e4sen<\/td><td>Sanna Turakka<\/td><td>\u00a0<\/td><td>\u00a0<\/td><\/tr><tr><td>J\u00e4sen<\/td><td>Jari Hiltunen<\/td><td>\u00a0<\/td><td>\u00a0<\/td><\/tr><tr><td>J\u00e4sen<\/td><td>Jari Piiparinen<\/td><td>\u00a0<\/td><td>\u00a0<\/td><\/tr><\/tbody><\/table><p>\u00a0<\/p>\t\t\t\t\t\t\t\t<\/div>\n\t\t\t\t<\/div>\n\t\t\t\t\t<\/div>\n\t\t<\/div>\n\t\t\t\t\t<\/div>\n\t\t<\/section>\n\t\t\t\t<section class=\"elementor-section elementor-top-section elementor-element elementor-element-8197594 elementor-section-boxed elementor-section-height-default elementor-section-height-default\" data-id=\"8197594\" data-element_type=\"section\">\n\t\t\t\t\t\t<div class=\"elementor-container elementor-column-gap-default\">\n\t\t\t\t\t<div class=\"elementor-column elementor-col-100 elementor-top-column elementor-element elementor-element-116633b\" data-id=\"116633b\" data-element_type=\"column\">\n\t\t\t<div class=\"elementor-widget-wrap elementor-element-populated\">\n\t\t\t\t\t\t<div class=\"elementor-element elementor-element-f1f5d64 elementor-widget elementor-widget-video\" data-id=\"f1f5d64\" data-element_type=\"widget\" data-settings=\"{&quot;youtube_url&quot;:&quot;https:\\\/\\\/www.youtube.com\\\/watch?v=uT3_HzSDX0w&quot;,&quot;video_type&quot;:&quot;youtube&quot;,&quot;controls&quot;:&quot;yes&quot;}\" data-widget_type=\"video.default\">\n\t\t\t\t<div class=\"elementor-widget-container\">\n\t\t\t\t\t\t\t<div class=\"elementor-wrapper elementor-open-inline\">\n\t\t\t<div class=\"elementor-video\"><\/div>\t\t<\/div>\n\t\t\t\t\t\t<\/div>\n\t\t\t\t<\/div>\n\t\t\t\t\t<\/div>\n\t\t<\/div>\n\t\t\t\t\t<\/div>\n\t\t<\/section>\n\t\t\t\t<\/div>\n\t\t","protected":false},"excerpt":{"rendered":"<p>\u00a0 Yhteydenotot ensisijaisesti s\u00e4hk\u00f6postilla: supy.ry@gmail.com TEHT\u00c4V\u00c4 NIMI S\u00c4HK\u00d6POSTI PUH. Puheenjohtaja Laura Andelin \u00a0 \u00a0 Varapuheenjohtaja Reko Luojum\u00e4ki \u00a0 \u00a0 Sihteeri Janica J\u00e4rvenp\u00e4\u00e4 \u00a0 \u00a0 J\u00e4sen Paula Thesleff \u00a0 \u00a0 J\u00e4sen Markus Arvaja \u00a0 \u00a0 J\u00e4sen Montse Ruiz \u00a0 \u00a0 J\u00e4sen Tatja Holm \u00a0 \u00a0 J\u00e4sen Sanna Turakka \u00a0 \u00a0 J\u00e4sen Jari Hiltunen \u00a0 \u00a0 J\u00e4sen [&hellip;]<\/p>\n","protected":false},"author":1,"featured_media":0,"parent":78,"menu_order":0,"comment_status":"closed","ping_status":"closed","template":"","meta":{"ocean_post_layout":"","ocean_both_sidebars_style":"","ocean_both_sidebars_content_width":0,"ocean_both_sidebars_sidebars_width":0,"ocean_sidebar":"0","ocean_second_sidebar":"0","ocean_disable_margins":"enable","ocean_add_body_class":"","ocean_shortcode_before_top_bar":"","ocean_shortcode_after_top_bar":"","ocean_shortcode_before_header":"","ocean_shortcode_after_header":"","ocean_has_shortcode":"","ocean_shortcode_after_title":"","ocean_shortcode_before_footer_widgets":"","ocean_shortcode_after_footer_widgets":"","ocean_shortcode_before_footer_bottom":"","ocean_shortcode_after_footer_bottom":"","ocean_display_top_bar":"default","ocean_display_header":"default","ocean_header_style":"","ocean_center_header_left_menu":"0","ocean_custom_header_template":"0","ocean_custom_logo":0,"ocean_custom_retina_logo":0,"ocean_custom_logo_max_width":0,"ocean_custom_logo_tablet_max_width":0,"ocean_custom_logo_mobile_max_width":0,"ocean_custom_logo_max_height":0,"ocean_custom_logo_tablet_max_height":0,"ocean_custom_logo_mobile_max_height":0,"ocean_header_custom_menu":"0","ocean_menu_typo_font_family":"0","ocean_menu_typo_font_subset":"","ocean_menu_typo_font_size":0,"ocean_menu_typo_font_size_tablet":0,"ocean_menu_typo_font_size_mobile":0,"ocean_menu_typo_font_size_unit":"px","ocean_menu_typo_font_weight":"","ocean_menu_typo_font_weight_tablet":"","ocean_menu_typo_font_weight_mobile":"","ocean_menu_typo_transform":"","ocean_menu_typo_transform_tablet":"","ocean_menu_typo_transform_mobile":"","ocean_menu_typo_line_height":0,"ocean_menu_typo_line_height_tablet":0,"ocean_menu_typo_line_height_mobile":0,"ocean_menu_typo_line_height_unit":"","ocean_menu_typo_spacing":0,"ocean_menu_typo_spacing_tablet":0,"ocean_menu_typo_spacing_mobile":0,"ocean_menu_typo_spacing_unit":"","ocean_menu_link_color":"","ocean_menu_link_color_hover":"","ocean_menu_link_color_active":"","ocean_menu_link_background":"","ocean_menu_link_hover_background":"","ocean_menu_link_active_background":"","ocean_menu_social_links_bg":"","ocean_menu_social_hover_links_bg":"","ocean_menu_social_links_color":"","ocean_menu_social_hover_links_color":"","ocean_disable_title":"default","ocean_disable_heading":"default","ocean_post_title":"","ocean_post_subheading":"","ocean_post_title_style":"","ocean_post_title_background_color":"","ocean_post_title_background":0,"ocean_post_title_bg_image_position":"","ocean_post_title_bg_image_attachment":"","ocean_post_title_bg_image_repeat":"","ocean_post_title_bg_image_size":"","ocean_post_title_height":0,"ocean_post_title_bg_overlay":0.5,"ocean_post_title_bg_overlay_color":"","ocean_disable_breadcrumbs":"default","ocean_breadcrumbs_color":"","ocean_breadcrumbs_separator_color":"","ocean_breadcrumbs_links_color":"","ocean_breadcrumbs_links_hover_color":"","ocean_display_footer_widgets":"default","ocean_display_footer_bottom":"default","ocean_custom_footer_template":"0","footnotes":""},"class_list":["post-83","page","type-page","status-publish","hentry","entry"],"_links":{"self":[{"href":"http:\/\/supy.org\/wordpress_9\/wp-json\/wp\/v2\/pages\/83","targetHints":{"allow":["GET"]}}],"collection":[{"href":"http:\/\/supy.org\/wordpress_9\/wp-json\/wp\/v2\/pages"}],"about":[{"href":"http:\/\/supy.org\/wordpress_9\/wp-json\/wp\/v2\/types\/page"}],"author":[{"embeddable":true,"href":"http:\/\/supy.org\/wordpress_9\/wp-json\/wp\/v2\/users\/1"}],"replies":[{"embeddable":true,"href":"http:\/\/supy.org\/wordpress_9\/wp-json\/wp\/v2\/comments?post=83"}],"version-history":[{"count":31,"href":"http:\/\/supy.org\/wordpress_9\/wp-json\/wp\/v2\/pages\/83\/revisions"}],"predecessor-version":[{"id":2361,"href":"http:\/\/supy.org\/wordpress_9\/wp-json\/wp\/v2\/pages\/83\/revisions\/2361"}],"up":[{"embeddable":true,"href":"http:\/\/supy.org\/wordpress_9\/wp-json\/wp\/v2\/pages\/78"}],"wp:attachment":[{"href":"http:\/\/supy.org\/wordpress_9\/wp-json\/wp\/v2\/media?parent=83"}],"curies":[{"name":"wp","href":"https:\/\/api.w.org\/{rel}","templated":true}]}}