{"id":738,"date":"2018-09-27T09:25:27","date_gmt":"2018-09-27T09:25:27","guid":{"rendered":"http:\/\/supy.org\/wordpress_9\/?page_id=738"},"modified":"2018-09-27T09:56:10","modified_gmt":"2018-09-27T09:56:10","slug":"athlete-wellbeing-seminar-jyvaskyla-19-20-11-2018-2","status":"publish","type":"page","link":"http:\/\/supy.org\/wordpress_9\/fi\/athlete-wellbeing-seminar-jyvaskyla-19-20-11-2018-2\/","title":{"rendered":"Athlete Wellbeing -seminar, Jyv\u00e4skyl\u00e4, 19. \u2013 20.11.2018"},"content":{"rendered":"<p><span style=\"color: #000000;\"><em>In Pdf -format (Seminar Flyer), click<\/em><\/span> <span style=\"color: #0000ff;\"><a href=\"http:\/\/supy.org\/wordpress_9\/wp-content\/uploads\/2018\/09\/SUPY-flyerENG-Rev.pdf\"><span style=\"color: #0000ff;\">here<\/span><\/a><\/span><\/p>\n<h3><strong>Info<\/strong><strong><br \/>\n<\/strong><\/h3>\n<p>&nbsp;<\/p>\n<p>Finnish Association of Sport Psychology (SUPY), University of Jyv\u00e4skyl\u00e4 and Mental Training committee of Finnish Psychological Association (Psyli) are cooperatively organising an international mental training seminar this autumn with the theme:<\/p>\n<p><strong>Athlete Wellbeing Seminar<\/strong><br \/>\n&#8211; Body Image and Health<br \/>\n&#8211; Eating disorders<br \/>\n&#8211; Career Transitions<br \/>\n&#8211; Stress and Recovery<\/p>\n<p><strong>When:<\/strong> 19.-20.11.2018<\/p>\n<p><strong>Where:<\/strong> University of Jyv\u00e4skyl\u00e4, Building C<\/p>\n<p><strong>Registration at<\/strong> <span style=\"color: #0000ff;\"><a href=\"https:\/\/tinyurl.com\/ycsp75lh\"><span style=\"color: #0000ff;\">https:\/\/tinyurl.com\/ycsp75lh<\/span><\/a><\/span><\/p>\n<p>&nbsp;<\/p>\n<p><em>Early bird registration fee before 15.9<\/em><\/p>\n<p><strong>1 day (*):<\/strong> Non members: 70 eur \/ SUPY &amp; Psyli members: 50 eur<br \/>\n<strong>2 days (**):<\/strong> Non members: 120 eur \/ SUPY &amp; Psyli members: 80 eur<\/p>\n<p>&#8212;-<\/p>\n<p><em>Normal fee from 15.9 onwards<\/em><\/p>\n<p><strong>1 day (*):<\/strong> Non members: 80 eur \/ SUPY &amp; Psyli members: 60 eur<br \/>\n<strong>2 days (**):<\/strong> Non members: 135 eur \/ SUPY &amp; Psyli members: 95 eur<\/p>\n<p>*Fee includes 1 day of seminar presentations and coffee\/tea or lunch depending on the chosen day<br \/>\n**Fee includes 2 days of seminar presentations and coffee\/tea and lunch<\/p>\n<p><strong>Accommodation: Offer from Hotel ALBA<\/strong><br \/>\n&#8211; <strong>90\u20ac<\/strong> \/ night, single economy<br \/>\n&#8211; <strong>96\u20ac<\/strong> \/ night, single standard<br \/>\n&#8211; <strong>117\u20ac<\/strong>\/ night, single twin standard<\/p>\n<p>You can use the campaign code \u00a8SUPY\u00a8 at:<br \/>\n<a href=\"https:\/\/www.hotellialba.fi\/en\/\"><span style=\"color: #0000ff;\">https:\/\/www.hotellialba.fi\/en\/<\/span><\/a><\/p>\n<p><strong>Contact:<\/strong><br \/>\nMontse Ruiz, PhD<br \/>\nSenior lecturer, Sport &amp; Exercise Psychology<br \/>\nFaculty of Sport and Health Sciences<br \/>\nUniversity of Jyv\u00e4skyl\u00e4<br \/>\nE-mail: montse.ruiz@jyu.fi<br \/>\n<a href=\"http:\/\/www.supy.org\"><span style=\"color: #0000ff;\">www.supy.org<\/span><\/a><\/p>\n<h3>Schedule<\/h3>\n<p><strong>MONDAY 19.11<\/strong><\/p>\n<p><strong>12.00<\/strong> Welcome and Opening<\/p>\n<p><strong>12.15<\/strong> Justine Reel (University of North Carolina Wilmington, USA) &#8211; \u201cWhat do weight pressures and body image have to do with athletic performance? Sport psychology implications and recommendations for action\u201d<\/p>\n<p><strong>13.00<\/strong> Tracey Devonport (University of Wolverhampton, UK) &#8211; \u00a8Emotional eating: What we know, what we need to know?\u00a8<\/p>\n<p><strong>13.45 \u2013 14.15<\/strong> Coffee break<\/p>\n<p><strong>14.15<\/strong> Satu Kaski (Certified Sport Psychologist, Psychotherapist, Clear Mind Oy, Finland) &#8211; \u201cTerapeuttinen tuki sy\u00f6misongelmista k\u00e4rsiv\u00e4ll\u00e4 urheilijalla\u201d<\/p>\n<p><strong>15.00<\/strong> Jouki Tikkanen (RhytmicGymnast, Finnish National Team) \u201cAthlete\u2019s perspective\u201d (in Finnish)<\/p>\n<p><strong>15.45<\/strong> Discussion and Closing<\/p>\n<p>&nbsp;<\/p>\n<p><strong>TUESDAY 20.11<\/strong><\/p>\n<p><strong>10.00<\/strong> Opening<\/p>\n<p><strong>10.15<\/strong> Natalia Stambulova (Halmstad University, Sweden) &#8211; &#8220;Athlete career and wellbeing&#8221;<\/p>\n<p><strong>11.00<\/strong> Claudio Robazza (University of Chieti, Italy) &#8211; \u201cRecovery-stress balance and psychobiosocial states\u201d<\/p>\n<p><strong>11.45<\/strong> Lunch<\/p>\n<p><strong>14.00<\/strong> Heikki Kyr\u00f6l\u00e4inen (University of Jyv\u00e4skyl\u00e4, Finland) &#8211; \u201cActive vs. passive recovery: A physiological approach\u201d<\/p>\n<p><strong>14.45<\/strong> Hannaleena Ronkainen (Certified Sport Psychologist, Olympic Committee, Finland) &#8211; \u201cMenestyv\u00e4n joukkueen rakentaminen \u2013 keski\u00f6ss\u00e4 vuorovaikutus ja rohkeus\u201d (in Finnish)<\/p>\n<p><strong>15.15<\/strong> Olli Ohtonen (Team Finland Cross-country coach) &#8211; \u201cTie olympiavoittoon valmentajan n\u00e4k\u00f6kulmasta\u201d (in Finnish)<\/p>\n<p><strong>15.45<\/strong> Discussion and Closing Remarks<\/p>\n","protected":false},"excerpt":{"rendered":"<p>In Pdf -format (Seminar Flyer), click here Info &nbsp; Finnish Association of Sport Psychology (SUPY), University of Jyv\u00e4skyl\u00e4 and Mental Training committee of Finnish Psychological Association (Psyli) are cooperatively organising an international mental training seminar this autumn with the theme: Athlete Wellbeing Seminar &#8211; Body Image and Health &#8211; Eating disorders &#8211; Career Transitions &#8211; [&hellip;]<\/p>\n","protected":false},"author":2,"featured_media":0,"parent":0,"menu_order":0,"comment_status":"closed","ping_status":"closed","template":"","meta":{"ocean_post_layout":"","ocean_both_sidebars_style":"","ocean_both_sidebars_content_width":0,"ocean_both_sidebars_sidebars_width":0,"ocean_sidebar":"0","ocean_second_sidebar":"0","ocean_disable_margins":"enable","ocean_add_body_class":"","ocean_shortcode_before_top_bar":"","ocean_shortcode_after_top_bar":"","ocean_shortcode_before_header":"","ocean_shortcode_after_header":"","ocean_has_shortcode":"","ocean_shortcode_after_title":"","ocean_shortcode_before_footer_widgets":"","ocean_shortcode_after_footer_widgets":"","ocean_shortcode_before_footer_bottom":"","ocean_shortcode_after_footer_bottom":"","ocean_display_top_bar":"default","ocean_display_header":"default","ocean_header_style":"","ocean_center_header_left_menu":"0","ocean_custom_header_template":"0","ocean_custom_logo":0,"ocean_custom_retina_logo":0,"ocean_custom_logo_max_width":0,"ocean_custom_logo_tablet_max_width":0,"ocean_custom_logo_mobile_max_width":0,"ocean_custom_logo_max_height":0,"ocean_custom_logo_tablet_max_height":0,"ocean_custom_logo_mobile_max_height":0,"ocean_header_custom_menu":"0","ocean_menu_typo_font_family":"0","ocean_menu_typo_font_subset":"","ocean_menu_typo_font_size":0,"ocean_menu_typo_font_size_tablet":0,"ocean_menu_typo_font_size_mobile":0,"ocean_menu_typo_font_size_unit":"px","ocean_menu_typo_font_weight":"","ocean_menu_typo_font_weight_tablet":"","ocean_menu_typo_font_weight_mobile":"","ocean_menu_typo_transform":"","ocean_menu_typo_transform_tablet":"","ocean_menu_typo_transform_mobile":"","ocean_menu_typo_line_height":0,"ocean_menu_typo_line_height_tablet":0,"ocean_menu_typo_line_height_mobile":0,"ocean_menu_typo_line_height_unit":"","ocean_menu_typo_spacing":0,"ocean_menu_typo_spacing_tablet":0,"ocean_menu_typo_spacing_mobile":0,"ocean_menu_typo_spacing_unit":"","ocean_menu_link_color":"","ocean_menu_link_color_hover":"","ocean_menu_link_color_active":"","ocean_menu_link_background":"","ocean_menu_link_hover_background":"","ocean_menu_link_active_background":"","ocean_menu_social_links_bg":"","ocean_menu_social_hover_links_bg":"","ocean_menu_social_links_color":"","ocean_menu_social_hover_links_color":"","ocean_disable_title":"default","ocean_disable_heading":"default","ocean_post_title":"","ocean_post_subheading":"","ocean_post_title_style":"","ocean_post_title_background_color":"","ocean_post_title_background":0,"ocean_post_title_bg_image_position":"","ocean_post_title_bg_image_attachment":"","ocean_post_title_bg_image_repeat":"","ocean_post_title_bg_image_size":"","ocean_post_title_height":0,"ocean_post_title_bg_overlay":0.5,"ocean_post_title_bg_overlay_color":"","ocean_disable_breadcrumbs":"default","ocean_breadcrumbs_color":"","ocean_breadcrumbs_separator_color":"","ocean_breadcrumbs_links_color":"","ocean_breadcrumbs_links_hover_color":"","ocean_display_footer_widgets":"default","ocean_display_footer_bottom":"default","ocean_custom_footer_template":"0","footnotes":""},"class_list":["post-738","page","type-page","status-publish","hentry","entry"],"_links":{"self":[{"href":"http:\/\/supy.org\/wordpress_9\/wp-json\/wp\/v2\/pages\/738","targetHints":{"allow":["GET"]}}],"collection":[{"href":"http:\/\/supy.org\/wordpress_9\/wp-json\/wp\/v2\/pages"}],"about":[{"href":"http:\/\/supy.org\/wordpress_9\/wp-json\/wp\/v2\/types\/page"}],"author":[{"embeddable":true,"href":"http:\/\/supy.org\/wordpress_9\/wp-json\/wp\/v2\/users\/2"}],"replies":[{"embeddable":true,"href":"http:\/\/supy.org\/wordpress_9\/wp-json\/wp\/v2\/comments?post=738"}],"version-history":[{"count":2,"href":"http:\/\/supy.org\/wordpress_9\/wp-json\/wp\/v2\/pages\/738\/revisions"}],"predecessor-version":[{"id":743,"href":"http:\/\/supy.org\/wordpress_9\/wp-json\/wp\/v2\/pages\/738\/revisions\/743"}],"wp:attachment":[{"href":"http:\/\/supy.org\/wordpress_9\/wp-json\/wp\/v2\/media?parent=738"}],"curies":[{"name":"wp","href":"https:\/\/api.w.org\/{rel}","templated":true}]}}