{"id":1167,"date":"2021-10-20T12:13:27","date_gmt":"2021-10-20T12:13:27","guid":{"rendered":"http:\/\/supy.org\/wordpress_9\/?page_id=1167"},"modified":"2021-10-20T13:01:10","modified_gmt":"2021-10-20T13:01:10","slug":"kokeilua","status":"publish","type":"page","link":"http:\/\/supy.org\/wordpress_9\/fi\/kokeilua\/","title":{"rendered":"Ymp\u00e4rist\u00f6vastuullisuussuunnitelma"},"content":{"rendered":"\n<p>SUPY:n ymp\u00e4rist\u00f6vastuullisuussuunnitelma 2021-2022<\/p>\n\n\n\n<p>Haluamme Suomen urheilupsykologisessa yhdistyksess\u00e4 olla mukana luomassa ymp\u00e4rist\u00f6vastuullista tulevaisuutta ja siksi olemme laatineet suunnitelman t\u00e4m\u00e4n edist\u00e4miseksi.&nbsp;N\u00e4kyvimm\u00e4t&nbsp;vaikutukset, joita ymp\u00e4rist\u00f6vastuullisuuden lis\u00e4\u00e4misest\u00e4 seuraa, kytkeytyv\u00e4t yhdistyksess\u00e4 markkinointiin ja viestint\u00e4\u00e4n, sek\u00e4 tapahtumien j\u00e4rjest\u00e4miseen. Haluamme tehd\u00e4 toimenpiteit\u00e4&nbsp;vastuullisen ymp\u00e4rist\u00f6n puolesta&nbsp;ja viesti\u00e4 siit\u00e4&nbsp;ulosp\u00e4in \u2013 t\u00e4t\u00e4 kautta tulee velvoite tehd\u00e4 asioita kest\u00e4v\u00e4sti jatkuvammin, ei vain kertaluonteisesti.Varsinaisia p\u00e4\u00e4toimenpiteit\u00e4 on kaksi; p\u00e4\u00e4st\u00f6jen v\u00e4ltt\u00e4minen sek\u00e4 p\u00e4\u00e4st\u00f6jen v\u00e4hent\u00e4minen. Aiomme viesti\u00e4 tapahtumien yhteydess\u00e4 n\u00e4ist\u00e4 toimenpiteist\u00e4.<\/p>\n\n\n\n<p><strong>Tavoite 1: Tapahtumapaikka valitaan ja siit\u00e4 huolehditaan ymp\u00e4rist\u00f6yst\u00e4v\u00e4llisesti<\/strong><\/p>\n\n\n\n<p>Toimenpiteet:<\/p>\n\n\n\n<ul class=\"wp-block-list\"><li>Sitoudumme SUPY:n tapahtumia j\u00e4rjestett\u00e4ess\u00e4 valitsemaan tapahtumapaikkoja, joissa on j\u00e4rjest\u00e4misen ja yleis\u00f6n kannalta olennainen infra valmiina.&nbsp;<\/li><li>Valitsemme saavutettavan paikan, joka on hyvien ja helppojen kulkuyhteyksien p\u00e4\u00e4ss\u00e4.<\/li><li>Tiedotamme j\u00e4senist\u00f6\u00e4 tapahtumapaikan kulkuyhteyksist\u00e4 ja erityisesti julkisen liikenteen mahdollisuuksista.&nbsp;<\/li><li>J\u00e4rjest\u00e4mme mahdollisuuksia osallistua yhdistyksen tapahtumiin my\u00f6s et\u00e4yhteydell\u00e4.<\/li><li>Huolehdimme tapahtumapaikan siisteydest\u00e4 ja loppusiivouksesta. V\u00e4lt\u00e4mme turhia siirtymisi\u00e4 ja suosimme hallituksen kokoontumista verkossa.<\/li><\/ul>\n\n\n\n<p><strong>Tavoite 2: Suosimme ymp\u00e4rist\u00f6yst\u00e4v\u00e4llisi\u00e4 hankintoja ja viestint\u00e4\u00e4<\/strong><\/p>\n\n\n\n<ul class=\"wp-block-list\"><li>Teemme ymp\u00e4rist\u00f6yst\u00e4v\u00e4llisi\u00e4 hankintoja ja mietimme materiaalien uudelleenk\u00e4ytt\u00f6mahdollisuuksia.&nbsp;<\/li><li>Teemme yhdistyksen\u00e4 laadukkaita ja pitk\u00e4ik\u00e4isi\u00e4 hankintoja.&nbsp;<\/li><li>Suosimme ymp\u00e4rist\u00f6merkittyj\u00e4 sek\u00e4 kest\u00e4v\u00e4sti ja eettisesti tuotettuja tuotteita.<\/li><li>Harkitsemme tarkkaan, tarvitaanko j\u00e4senist\u00f6lle\/hallitukselle jaettavia painotuotteita.<\/li><li>Keskit\u00e4mme tapahtumamarkkinoinnin s\u00e4hk\u00f6isiin kanaviin.<\/li><li>Tapahtumakutsut, ohjelman ja infomateriaalit jaamme s\u00e4hk\u00f6isesti.<\/li><\/ul>\n\n\n\n<p><strong>Tavoite 3: J\u00e4rjest\u00e4mme tapahtumien tarjoilut ymp\u00e4rist\u00f6yst\u00e4v\u00e4llisesti ja huolehdimme asianmukaisesta j\u00e4tehuollosta<\/strong><\/p>\n\n\n\n<ul class=\"wp-block-list\"><li>Suosimme tapahtumien tarjoiluissa sesonkituotteita ja kasvisruokaa.&nbsp;<\/li><li>Minimoimme ruokah\u00e4vikin.&nbsp;<\/li><li>J\u00e4rjest\u00e4mme tapahtumien yhteydess\u00e4 ruokahuoltoalueelle mahdollisuuden j\u00e4tteiden lajitteluun ja varaamme paikalle riitt\u00e4v\u00e4sti j\u00e4teastioita.&nbsp;<\/li><li>V\u00e4lt\u00e4mme roskaantumista ja v\u00e4henn\u00e4mme j\u00e4tteen m\u00e4\u00e4r\u00e4\u00e4 minimoimalla turhan materiaalin.&nbsp;<\/li><\/ul>\n\n\n\n<p>Huolehdimme, ett\u00e4 tapahtumapaikoissa on saatavilla puhdasta juomavett\u00e4 ja mahdollisuus oman juomapullon t\u00e4ytt\u00e4miseen.<\/p>\n","protected":false},"excerpt":{"rendered":"<p>SUPY:n ymp\u00e4rist\u00f6vastuullisuussuunnitelma 2021-2022 Haluamme Suomen urheilupsykologisessa yhdistyksess\u00e4 olla mukana luomassa ymp\u00e4rist\u00f6vastuullista tulevaisuutta ja siksi olemme laatineet suunnitelman t\u00e4m\u00e4n edist\u00e4miseksi.&nbsp;N\u00e4kyvimm\u00e4t&nbsp;vaikutukset, joita ymp\u00e4rist\u00f6vastuullisuuden lis\u00e4\u00e4misest\u00e4 seuraa, kytkeytyv\u00e4t yhdistyksess\u00e4 markkinointiin ja viestint\u00e4\u00e4n, sek\u00e4 tapahtumien j\u00e4rjest\u00e4miseen. Haluamme tehd\u00e4 toimenpiteit\u00e4&nbsp;vastuullisen ymp\u00e4rist\u00f6n puolesta&nbsp;ja viesti\u00e4 siit\u00e4&nbsp;ulosp\u00e4in \u2013 t\u00e4t\u00e4 kautta tulee velvoite tehd\u00e4 asioita kest\u00e4v\u00e4sti jatkuvammin, ei vain kertaluonteisesti.Varsinaisia p\u00e4\u00e4toimenpiteit\u00e4 on kaksi; p\u00e4\u00e4st\u00f6jen v\u00e4ltt\u00e4minen [&hellip;]<\/p>\n","protected":false},"author":2,"featured_media":0,"parent":0,"menu_order":0,"comment_status":"closed","ping_status":"closed","template":"","meta":{"ocean_post_layout":"","ocean_both_sidebars_style":"","ocean_both_sidebars_content_width":0,"ocean_both_sidebars_sidebars_width":0,"ocean_sidebar":"0","ocean_second_sidebar":"0","ocean_disable_margins":"enable","ocean_add_body_class":"","ocean_shortcode_before_top_bar":"","ocean_shortcode_after_top_bar":"","ocean_shortcode_before_header":"","ocean_shortcode_after_header":"","ocean_has_shortcode":"","ocean_shortcode_after_title":"","ocean_shortcode_before_footer_widgets":"","ocean_shortcode_after_footer_widgets":"","ocean_shortcode_before_footer_bottom":"","ocean_shortcode_after_footer_bottom":"","ocean_display_top_bar":"default","ocean_display_header":"default","ocean_header_style":"","ocean_center_header_left_menu":"0","ocean_custom_header_template":"0","ocean_custom_logo":0,"ocean_custom_retina_logo":0,"ocean_custom_logo_max_width":0,"ocean_custom_logo_tablet_max_width":0,"ocean_custom_logo_mobile_max_width":0,"ocean_custom_logo_max_height":0,"ocean_custom_logo_tablet_max_height":0,"ocean_custom_logo_mobile_max_height":0,"ocean_header_custom_menu":"0","ocean_menu_typo_font_family":"0","ocean_menu_typo_font_subset":"","ocean_menu_typo_font_size":0,"ocean_menu_typo_font_size_tablet":0,"ocean_menu_typo_font_size_mobile":0,"ocean_menu_typo_font_size_unit":"px","ocean_menu_typo_font_weight":"","ocean_menu_typo_font_weight_tablet":"","ocean_menu_typo_font_weight_mobile":"","ocean_menu_typo_transform":"","ocean_menu_typo_transform_tablet":"","ocean_menu_typo_transform_mobile":"","ocean_menu_typo_line_height":0,"ocean_menu_typo_line_height_tablet":0,"ocean_menu_typo_line_height_mobile":0,"ocean_menu_typo_line_height_unit":"","ocean_menu_typo_spacing":0,"ocean_menu_typo_spacing_tablet":0,"ocean_menu_typo_spacing_mobile":0,"ocean_menu_typo_spacing_unit":"","ocean_menu_link_color":"","ocean_menu_link_color_hover":"","ocean_menu_link_color_active":"","ocean_menu_link_background":"","ocean_menu_link_hover_background":"","ocean_menu_link_active_background":"","ocean_menu_social_links_bg":"","ocean_menu_social_hover_links_bg":"","ocean_menu_social_links_color":"","ocean_menu_social_hover_links_color":"","ocean_disable_title":"default","ocean_disable_heading":"default","ocean_post_title":"","ocean_post_subheading":"","ocean_post_title_style":"","ocean_post_title_background_color":"","ocean_post_title_background":0,"ocean_post_title_bg_image_position":"","ocean_post_title_bg_image_attachment":"","ocean_post_title_bg_image_repeat":"","ocean_post_title_bg_image_size":"","ocean_post_title_height":0,"ocean_post_title_bg_overlay":0.5,"ocean_post_title_bg_overlay_color":"","ocean_disable_breadcrumbs":"default","ocean_breadcrumbs_color":"","ocean_breadcrumbs_separator_color":"","ocean_breadcrumbs_links_color":"","ocean_breadcrumbs_links_hover_color":"","ocean_display_footer_widgets":"default","ocean_display_footer_bottom":"default","ocean_custom_footer_template":"0","footnotes":""},"class_list":["post-1167","page","type-page","status-publish","hentry","entry"],"_links":{"self":[{"href":"http:\/\/supy.org\/wordpress_9\/wp-json\/wp\/v2\/pages\/1167","targetHints":{"allow":["GET"]}}],"collection":[{"href":"http:\/\/supy.org\/wordpress_9\/wp-json\/wp\/v2\/pages"}],"about":[{"href":"http:\/\/supy.org\/wordpress_9\/wp-json\/wp\/v2\/types\/page"}],"author":[{"embeddable":true,"href":"http:\/\/supy.org\/wordpress_9\/wp-json\/wp\/v2\/users\/2"}],"replies":[{"embeddable":true,"href":"http:\/\/supy.org\/wordpress_9\/wp-json\/wp\/v2\/comments?post=1167"}],"version-history":[{"count":4,"href":"http:\/\/supy.org\/wordpress_9\/wp-json\/wp\/v2\/pages\/1167\/revisions"}],"predecessor-version":[{"id":1187,"href":"http:\/\/supy.org\/wordpress_9\/wp-json\/wp\/v2\/pages\/1167\/revisions\/1187"}],"wp:attachment":[{"href":"http:\/\/supy.org\/wordpress_9\/wp-json\/wp\/v2\/media?parent=1167"}],"curies":[{"name":"wp","href":"https:\/\/api.w.org\/{rel}","templated":true}]}}